{"id":17980,"date":"2024-08-05T08:56:32","date_gmt":"2024-08-05T08:56:32","guid":{"rendered":"https:\/\/www.anja-petshop.si\/?product=utsumi-krtaca-s-scetinami-dolga"},"modified":"2024-11-11T07:53:06","modified_gmt":"2024-11-11T07:53:06","slug":"utsumi-krtaca-s-scetinami-dolga","status":"publish","type":"product","link":"https:\/\/www.anja-petshop.si\/hr\/proizvod\/utsumi-krtaca-s-scetinami-dolga\/","title":{"rendered":"UTSUMI \u010detka bristle duga"},"content":{"rendered":"<p>Zra\u010dni jastuk: Prirodna guma<\/p>\n<p>\u010cekinje: Prirodne \u010dekinje (vlasac)<\/p>\n<p>Dr\u0161ka: ABS plastika<\/p>\n<\/p>\n<p>Molimo, nemojte koristiti svoju Utsumi \u010detku s \u010dekinjama za uklanjanje \u010dvorova, raspetljavanje ili uklanjanje zapetljane dlake. Time mo\u017eete trajno o\u0161tetiti svoju \u010detku.<\/p>\n","protected":false},"excerpt":{"rendered":"<p>\u010cetka s mje\u0161avinom \u010dekinja i vlakana (duga): 23 cm x 6,3 cm (duljina \u010dekinja 1,90 cm i 1,27 cm)<\/p>\n","protected":false},"featured_media":11141,"template":"","meta":[],"product_brand":[573],"product_cat":[422,419],"product_tag":[353,354,352],"class_list":{"0":"post-17980","1":"product","2":"type-product","3":"status-publish","4":"has-post-thumbnail","6":"product_brand-utsumi","7":"product_cat-cetke","8":"product_cat-njega","9":"product_tag-brush","10":"product_tag-krtaca","11":"product_tag-utsumi","13":"first","14":"instock","15":"taxable","16":"shipping-taxable","17":"purchasable","18":"product-type-simple"},"_links":{"self":[{"href":"https:\/\/www.anja-petshop.si\/hr\/wp-json\/wp\/v2\/product\/17980","targetHints":{"allow":["GET"]}}],"collection":[{"href":"https:\/\/www.anja-petshop.si\/hr\/wp-json\/wp\/v2\/product"}],"about":[{"href":"https:\/\/www.anja-petshop.si\/hr\/wp-json\/wp\/v2\/types\/product"}],"wp:featuredmedia":[{"embeddable":true,"href":"https:\/\/www.anja-petshop.si\/hr\/wp-json\/wp\/v2\/media\/11141"}],"wp:attachment":[{"href":"https:\/\/www.anja-petshop.si\/hr\/wp-json\/wp\/v2\/media?parent=17980"}],"wp:term":[{"taxonomy":"product_brand","embeddable":true,"href":"https:\/\/www.anja-petshop.si\/hr\/wp-json\/wp\/v2\/product_brand?post=17980"},{"taxonomy":"product_cat","embeddable":true,"href":"https:\/\/www.anja-petshop.si\/hr\/wp-json\/wp\/v2\/product_cat?post=17980"},{"taxonomy":"product_tag","embeddable":true,"href":"https:\/\/www.anja-petshop.si\/hr\/wp-json\/wp\/v2\/product_tag?post=17980"}],"curies":[{"name":"wp","href":"https:\/\/api.w.org\/{rel}","templated":true}]}}