{"id":17932,"date":"2024-07-27T08:59:40","date_gmt":"2024-07-27T08:59:40","guid":{"rendered":"https:\/\/www.anja-petshop.si\/?product=hyponic-razprsilna-steklenicka-300-ml"},"modified":"2025-02-04T16:10:00","modified_gmt":"2025-02-04T16:10:00","slug":"hyponic-razprsilna-steklenicka-300-ml","status":"publish","type":"product","link":"https:\/\/www.anja-petshop.si\/hr\/proizvod\/hyponic-razprsilna-steklenicka-300-ml\/","title":{"rendered":"HYPONIC Razpr\u0161ilna Stekleni\u010dka 300 ml"},"content":{"rendered":"","protected":false},"excerpt":{"rendered":"<p>Ultra-fina razpr\u0161ilna stekleni\u010dka enakomerno razpr\u0161i teko\u010dino v finem meglenem vzorcu \u2013 zagotavlja pravo koli\u010dino izdelka to\u010dno tam, kjer ga potrebujete, brez prekomernega namakanja dlake.<br \/>\nKontinuirano razpr\u0161evanje \u2013 proizvaja tok trajne megle, ki traja nekaj sekund, kar omogo\u010da hitro in enostavno pokrivanje ve\u010djih povr\u0161in.<br \/>\nErgonomska zasnova zmanj\u0161uje utrujenost roke v primerjavi s tradicionalnimi spro\u017eilnimi in konicnimi razpr\u0161ilci.<br \/>\nMo\u017enost razpr\u0161evanja za 360 stopinj \u2013 lahko razpr\u0161ujete celo z obrnjenim stekleni\u010dko, ne da bi pri\u0161lo do pu\u0161\u010danja ali izgube pritiska, in dose\u017eete vse predele.<br \/>\nNapolnite jo s HYPONIC Hinoki Cypress Detangling Mist in HYPONIC Chitosan Deodorizerjem.<\/p>\n","protected":false},"featured_media":11093,"template":"","meta":[],"product_brand":[579],"product_cat":[482,412,443,449],"product_tag":[327,326,277],"class_list":{"0":"post-17932","1":"product","2":"type-product","3":"status-publish","4":"has-post-thumbnail","6":"product_brand-hyponic","7":"product_cat-dodaci","8":"product_cat-kozmetika-hr","9":"product_cat-oprema-hr","10":"product_cat-pasji-saloni-hr","11":"product_tag-accessories","12":"product_tag-dodatki","13":"product_tag-hyponic","15":"first","16":"onbackorder","17":"taxable","18":"shipping-taxable","19":"purchasable","20":"product-type-simple"},"_links":{"self":[{"href":"https:\/\/www.anja-petshop.si\/hr\/wp-json\/wp\/v2\/product\/17932","targetHints":{"allow":["GET"]}}],"collection":[{"href":"https:\/\/www.anja-petshop.si\/hr\/wp-json\/wp\/v2\/product"}],"about":[{"href":"https:\/\/www.anja-petshop.si\/hr\/wp-json\/wp\/v2\/types\/product"}],"wp:featuredmedia":[{"embeddable":true,"href":"https:\/\/www.anja-petshop.si\/hr\/wp-json\/wp\/v2\/media\/11093"}],"wp:attachment":[{"href":"https:\/\/www.anja-petshop.si\/hr\/wp-json\/wp\/v2\/media?parent=17932"}],"wp:term":[{"taxonomy":"product_brand","embeddable":true,"href":"https:\/\/www.anja-petshop.si\/hr\/wp-json\/wp\/v2\/product_brand?post=17932"},{"taxonomy":"product_cat","embeddable":true,"href":"https:\/\/www.anja-petshop.si\/hr\/wp-json\/wp\/v2\/product_cat?post=17932"},{"taxonomy":"product_tag","embeddable":true,"href":"https:\/\/www.anja-petshop.si\/hr\/wp-json\/wp\/v2\/product_tag?post=17932"}],"curies":[{"name":"wp","href":"https:\/\/api.w.org\/{rel}","templated":true}]}}