{"id":17908,"date":"2024-07-27T08:46:41","date_gmt":"2024-07-27T08:46:41","guid":{"rendered":"https:\/\/www.anja-petshop.si\/?product=hyponic-fomina-steklenica-za-redcenje-sampona-s-peno-700-ml"},"modified":"2025-05-12T14:28:15","modified_gmt":"2025-05-12T14:28:15","slug":"hyponic-fomina-steklenica-za-redcenje-sampona-s-peno-700-ml","status":"publish","type":"product","link":"https:\/\/www.anja-petshop.si\/hr\/proizvod\/hyponic-fomina-steklenica-za-redcenje-sampona-s-peno-700-ml\/","title":{"rendered":"HYPONIC FOMINA (steklenica za red\u010denje \u0161ampona s peno) 700 ml"},"content":{"rendered":"","protected":false},"excerpt":{"rendered":"<p>HYPONIC FOMINA za la\u017eje red\u010denje \u0161ampona v peno!<br \/>\n\u25cf FOMINA ustvari kremasto peno iz va\u0161ega najljub\u0161ega HYPONIC \u0161ampona in jo naredi popolnoma pripravljeno za umivanje va\u0161ega ljubljen\u010dka.<br \/>\n\u25cf Skraj\u0161ajte \u010das kopanja, prihranite \u0161ampon + vodo, u\u017eivajte v bolj zdravem \u010di\u0161\u010denju, zmanj\u0161ajte dra\u017eenje<br \/>\n\u25cf KAKO UPORABLJATI? Nalijte vodo in \u0161ampon v \u017eelenem razmerju. Temeljito zmo\u010dite telo ljubljen\u010dka z vodo, nekajkrat \u010drpajte in nato peno vmasirajte v ljubljen\u010dka. Temeljito sperite, da ne ostane nobenih ostankov.<br \/>\n\u25cf Popolno za groomerje in salone, saj imajo pripravljene svoje najljub\u0161e izdelke za uporabo<br \/>\n\u25cf Za lastnike ljubljen\u010dkov, ki u\u017eivajo v umivanju ta\u010dk svojega ljubljen\u010dka po vsakem sprehodu, saj imajo vsakokrat svoj najljub\u0161i \u0161ampon popolnoma zme\u0161an z vodo, kar prepre\u010duje razlitje \u0161ampona.<\/p>\n","protected":false},"featured_media":25510,"template":"","meta":[],"product_brand":[579],"product_cat":[482,446,412,443,449],"product_tag":[327,326,277],"class_list":{"0":"post-17908","1":"product","2":"type-product","3":"status-publish","4":"has-post-thumbnail","6":"product_brand-hyponic","7":"product_cat-dodaci","8":"product_cat-izlozbepasa","9":"product_cat-kozmetika-hr","10":"product_cat-oprema-hr","11":"product_cat-pasji-saloni-hr","12":"product_tag-accessories","13":"product_tag-dodatki","14":"product_tag-hyponic","16":"first","17":"instock","18":"taxable","19":"shipping-taxable","20":"purchasable","21":"product-type-simple"},"_links":{"self":[{"href":"https:\/\/www.anja-petshop.si\/hr\/wp-json\/wp\/v2\/product\/17908","targetHints":{"allow":["GET"]}}],"collection":[{"href":"https:\/\/www.anja-petshop.si\/hr\/wp-json\/wp\/v2\/product"}],"about":[{"href":"https:\/\/www.anja-petshop.si\/hr\/wp-json\/wp\/v2\/types\/product"}],"wp:featuredmedia":[{"embeddable":true,"href":"https:\/\/www.anja-petshop.si\/hr\/wp-json\/wp\/v2\/media\/25510"}],"wp:attachment":[{"href":"https:\/\/www.anja-petshop.si\/hr\/wp-json\/wp\/v2\/media?parent=17908"}],"wp:term":[{"taxonomy":"product_brand","embeddable":true,"href":"https:\/\/www.anja-petshop.si\/hr\/wp-json\/wp\/v2\/product_brand?post=17908"},{"taxonomy":"product_cat","embeddable":true,"href":"https:\/\/www.anja-petshop.si\/hr\/wp-json\/wp\/v2\/product_cat?post=17908"},{"taxonomy":"product_tag","embeddable":true,"href":"https:\/\/www.anja-petshop.si\/hr\/wp-json\/wp\/v2\/product_tag?post=17908"}],"curies":[{"name":"wp","href":"https:\/\/api.w.org\/{rel}","templated":true}]}}