{"id":17852,"date":"2024-07-26T18:47:59","date_gmt":"2024-07-26T18:47:59","guid":{"rendered":"https:\/\/www.anja-petshop.si\/?product=zascitna-maska-millor-dog-za-negovalce-psov"},"modified":"2026-04-16T10:52:04","modified_gmt":"2026-04-16T09:52:04","slug":"zascitna-maska-millor-dog-za-negovalce-psov","status":"publish","type":"product","link":"https:\/\/www.anja-petshop.si\/hr\/proizvod\/zascitna-maska-millor-dog-za-negovalce-psov\/","title":{"rendered":"Za\u0161titna maska Millor Dog za groomere"},"content":{"rendered":"","protected":false},"excerpt":{"rendered":"<p>Maska stvorena za svakog groomera kako bi olak\u0161ala rad tijekom zadataka s gustom poddlakom. Posebna tkanina omogu\u0107uje slobodno disanje u vla\u017enoj prostoriji i smanjuje udisanje prekomjernih koli\u010dina dlake. Maska ima podesive trake i dio za nos, zahvaljuju\u0107i \u010demu je mo\u017eete prilagoditi strukturi va\u0161eg lica. Bar\u0161unasti zavr\u0161etak ne iritira ko\u017eu. Savr\u0161ena za one koji nose nao\u010dale.<\/p>\n","protected":false},"featured_media":10949,"template":"","meta":[],"product_brand":[],"product_cat":[419,443,449],"product_tag":[327,326,277],"class_list":{"0":"post-17852","1":"product","2":"type-product","3":"status-publish","4":"has-post-thumbnail","6":"product_cat-njega","7":"product_cat-oprema-hr","8":"product_cat-pasji-saloni-hr","9":"product_tag-accessories","10":"product_tag-dodatki","11":"product_tag-hyponic","13":"first","14":"instock","15":"taxable","16":"shipping-taxable","17":"purchasable","18":"product-type-variable"},"_links":{"self":[{"href":"https:\/\/www.anja-petshop.si\/hr\/wp-json\/wp\/v2\/product\/17852","targetHints":{"allow":["GET"]}}],"collection":[{"href":"https:\/\/www.anja-petshop.si\/hr\/wp-json\/wp\/v2\/product"}],"about":[{"href":"https:\/\/www.anja-petshop.si\/hr\/wp-json\/wp\/v2\/types\/product"}],"wp:featuredmedia":[{"embeddable":true,"href":"https:\/\/www.anja-petshop.si\/hr\/wp-json\/wp\/v2\/media\/10949"}],"wp:attachment":[{"href":"https:\/\/www.anja-petshop.si\/hr\/wp-json\/wp\/v2\/media?parent=17852"}],"wp:term":[{"taxonomy":"product_brand","embeddable":true,"href":"https:\/\/www.anja-petshop.si\/hr\/wp-json\/wp\/v2\/product_brand?post=17852"},{"taxonomy":"product_cat","embeddable":true,"href":"https:\/\/www.anja-petshop.si\/hr\/wp-json\/wp\/v2\/product_cat?post=17852"},{"taxonomy":"product_tag","embeddable":true,"href":"https:\/\/www.anja-petshop.si\/hr\/wp-json\/wp\/v2\/product_tag?post=17852"}],"curies":[{"name":"wp","href":"https:\/\/api.w.org\/{rel}","templated":true}]}}