{"id":17764,"date":"2024-07-26T16:11:36","date_gmt":"2024-07-26T16:11:36","guid":{"rendered":"https:\/\/www.anja-petshop.si\/?product=hyponic-za-razstavne-pse-suhi-sampon-za-preobrazbo-za-pse-300-ml"},"modified":"2025-09-20T04:53:28","modified_gmt":"2025-09-20T04:53:28","slug":"hyponic-za-razstavne-pse-suhi-sampon-za-preobrazbo-za-pse-300-ml","status":"publish","type":"product","link":"https:\/\/www.anja-petshop.si\/hr\/proizvod\/hyponic-za-razstavne-pse-suhi-sampon-za-preobrazbo-za-pse-300-ml\/","title":{"rendered":"HYPONIC za RAZSTAVNE PSE Suhi \u0161ampon za preobrazbo (za pse) &#8211; 300 ml"},"content":{"rendered":"<p>Modificirani koruzni \u0161krob se pogosto uporablja v kozmetiki kot zgo\u0161\u010devalec, ri\u017eev pra\u0161ek pa se uporablja zaradi svojih vpojnih lastnosti in gladke teksture. Rastlinski izvle\u010dki in razli\u010dna olja v tem izdelku nudijo antioksidativne, pomirjujo\u010de ali kondicionirne u\u010dinke na ko\u017eo, poleg tega pa igrajo klju\u010dno vlogo pri vla\u017eenju in negi.<\/p>\n<p>\u2022 Odstranjuje ne\u010disto\u010de<\/p>\n<p>\u2022 O\u017eivlja volumen<\/p>\n<p>\u2022 Enostavno in preprosto oblikovanje<\/p>\n<p>\u2022 Luksuzen vonj<\/p>\n<p><strong>KAKO UPORABITI:<\/strong> Dobro pretresite pred uporabo. Sprejajte Suhi \u0161ampon 20 cm od \u017eelenega obmo\u010dja. Ne\u017eno ga po\u010de\u0161ite.<\/p>\n","protected":false},"excerpt":{"rendered":"<p>\u201cUmetni\u0161ko ustvarjeno, izjemno na vsak na\u010din\u201d<br \/>\nVsak pes si zaslu\u017ei trenutek v sredi\u0161\u010du pozornosti, zato je imeti kakovostne izdelke pri roki nujno. HYPONIC Suhi \u0161ampon za preobrazbo razstavnih psov je zasnovan z mislijo na konkuren\u010dno razstavno industrijo; ta izdelek bo dodal obetavno glamur, hkrati pa bo va\u0161emu psu dal vonj, ki je pripravljen za razstavo!<br \/>\nNaj gre za zadnji dotik pred vstopom v ring ali hitro osve\u017eitev med razstavami, je na\u0161 HYPONIC Suhi \u0161ampon za preobrazbo va\u0161 zanesljiv odgovor. Ta izdelek je formuliran s koruznim \u0161krobom, ri\u017eevim pra\u0161kom ter razli\u010dnimi rastlinskimi izvle\u010dki in olji, kot so sivka, oljka, ro\u017emarin in poprova meta.<\/p>\n","protected":false},"featured_media":10925,"template":"","meta":[],"product_brand":[579],"product_cat":[412,590],"product_tag":[322,277,315,323,324],"class_list":{"0":"post-17764","1":"product","2":"type-product","3":"status-publish","4":"has-post-thumbnail","6":"product_brand-hyponic","7":"product_cat-kozmetika-hr","8":"product_cat-samponihr","9":"product_tag-dry-shampoo","10":"product_tag-hyponic","11":"product_tag-pasje-razstave","12":"product_tag-show-dog","13":"product_tag-suhi-sampon","15":"first","16":"outofstock","17":"taxable","18":"shipping-taxable","19":"purchasable","20":"product-type-simple"},"_links":{"self":[{"href":"https:\/\/www.anja-petshop.si\/hr\/wp-json\/wp\/v2\/product\/17764","targetHints":{"allow":["GET"]}}],"collection":[{"href":"https:\/\/www.anja-petshop.si\/hr\/wp-json\/wp\/v2\/product"}],"about":[{"href":"https:\/\/www.anja-petshop.si\/hr\/wp-json\/wp\/v2\/types\/product"}],"wp:featuredmedia":[{"embeddable":true,"href":"https:\/\/www.anja-petshop.si\/hr\/wp-json\/wp\/v2\/media\/10925"}],"wp:attachment":[{"href":"https:\/\/www.anja-petshop.si\/hr\/wp-json\/wp\/v2\/media?parent=17764"}],"wp:term":[{"taxonomy":"product_brand","embeddable":true,"href":"https:\/\/www.anja-petshop.si\/hr\/wp-json\/wp\/v2\/product_brand?post=17764"},{"taxonomy":"product_cat","embeddable":true,"href":"https:\/\/www.anja-petshop.si\/hr\/wp-json\/wp\/v2\/product_cat?post=17764"},{"taxonomy":"product_tag","embeddable":true,"href":"https:\/\/www.anja-petshop.si\/hr\/wp-json\/wp\/v2\/product_tag?post=17764"}],"curies":[{"name":"wp","href":"https:\/\/api.w.org\/{rel}","templated":true}]}}