{"id":17747,"date":"2024-07-26T16:00:25","date_gmt":"2024-07-26T16:00:25","guid":{"rendered":"https:\/\/www.anja-petshop.si\/?product=hyponic-za-razstavne-pse-balzam-z-mlecnimi-beljakovinami-za-pse"},"modified":"2026-04-19T17:30:35","modified_gmt":"2026-04-19T16:30:35","slug":"hyponic-za-razstavne-pse-balzam-z-mlecnimi-beljakovinami-za-pse","status":"publish","type":"product","link":"https:\/\/www.anja-petshop.si\/hr\/proizvod\/hyponic-za-razstavne-pse-balzam-z-mlecnimi-beljakovinami-za-pse\/","title":{"rendered":"HYPONIC za IZLO\u017dBENE PSE Regenerator s mlije\u010dnim proteinima (za pse)"},"content":{"rendered":"<p>IZVANREDNA U\u010cINKOVITOST \u2013 Napredna formula, koja uklju\u010duje najnoviju tehnologiju, pru\u017ea neusporedivu, izuzetnu u\u010dinkovitost, optimalno osmi\u0161ljenu za profesionalnu njegu dlake izlo\u017ebenih pasa.<\/p>\n<p>PREMIUM SASTOJCI \u2013 Intenzivna formulacija samo od vrhunskih sastojaka. Koriste se samo visokokvalitetni, pa\u017eljivo odabrani organski ekstrakti 14 biljaka te razni biljni i biljni ekstrakti, prirodna ulja i osnovni sastojci poput cypress vode i mlije\u010dnog proteina, koji donose vitalnost i obnavljaju\u0107e hranjive tvari bogate vitaminima i esencijalnim aminokiselinama za izvanrednu u\u010dinkovitost.<\/p>\n<p>VRHUNSKA \u010cISTILA\u010cKA MO\u0106 \u2013 Dubinsko \u010di\u0161\u0107enje i vrhunska otpornost obnavljaju i odr\u017eavaju prirodnu boju i teksturu dlake. Optimalan sadr\u017eaj cypress vode i razli\u010diti biljni ekstrakti, ulje jojobinih sjemenki, kamelije i arganovo ulje osiguravaju savr\u0161enu ravnote\u017eu za pobolj\u0161ano i maksimalno upravljanje dlakom.<\/p>\n<p>INTENZIVAN VOLUMEN + LAKO \u010cE\u0160LJANJE + SKRA\u0106ENO VRIJEME SU\u0160ENJA \u2013 Jednostavno ra\u0161\u010de\u0161ljavanje bez o\u0161te\u0107enja dlake. Dramati\u010dno oblikovanje tijela te dugotrajan, izuzetno bogat volumen i vrhunska tekstura stvaraju gu\u0161\u0107u, puniju, mek\u0161u i lak\u0161e upravljivu zavr\u0161nu obradu, omogu\u0107uju\u0107i jednostavno \u010de\u0161ljanje i \u0161i\u0161anje za sjaj prikladan za izlo\u017ebe!<\/p>\n<p>[U\u010dinci i prednosti] \u010cisti i \u0161titi dlaku ku\u0107nog ljubimca te poma\u017ee obogatiti dlaku.<\/p>\n<p>[Upotreba i doziranje] Navla\u017eite dlaku ku\u0107nog ljubimca toplom vodom, nanesite odgovaraju\u0107u koli\u010dinu \u0161ampona, napravite pjenu, nje\u017eno masirajte dlaku i temeljito isperite. Razrijedite vodu i \u0161ampon u omjeru 20:1 kako biste postigli bogatiji volumen.<\/p>\n","protected":false},"excerpt":{"rendered":"<p>&#8220;Umjetni\u010dki stvoreno, izuzetno u svakom pogledu&#8221;<br \/>\nHYPONIC-ova najnovija inovacija za savr\u0161enu izlo\u017ebu je jedinstvena i neusporediva u svim aspektima. Izvrsno \u010di\u0161\u0107enje i otpornost pobolj\u0161ava+o\u010duvava boju i teksturu dlake za dugotrajan volumen koji odr\u017eava dlaku u njenom najboljem stanju. Mekana+lagana kvaliteta dlake u\u010dinit \u0107e izlo\u017ebu savr\u0161enom, sjajit \u0107e jo\u0161 ja\u010de.<\/p>\n","protected":false},"featured_media":10898,"template":"","meta":[],"product_brand":[579],"product_cat":[412,600],"product_tag":[314,277,315],"class_list":{"0":"post-17747","1":"product","2":"type-product","3":"status-publish","4":"has-post-thumbnail","6":"product_brand-hyponic","7":"product_cat-kozmetika-hr","8":"product_cat-regeneratorihr","9":"product_tag-dog-show","10":"product_tag-hyponic","11":"product_tag-pasje-razstave","13":"first","14":"instock","15":"taxable","16":"shipping-taxable","17":"purchasable","18":"product-type-variable"},"_links":{"self":[{"href":"https:\/\/www.anja-petshop.si\/hr\/wp-json\/wp\/v2\/product\/17747","targetHints":{"allow":["GET"]}}],"collection":[{"href":"https:\/\/www.anja-petshop.si\/hr\/wp-json\/wp\/v2\/product"}],"about":[{"href":"https:\/\/www.anja-petshop.si\/hr\/wp-json\/wp\/v2\/types\/product"}],"wp:featuredmedia":[{"embeddable":true,"href":"https:\/\/www.anja-petshop.si\/hr\/wp-json\/wp\/v2\/media\/10898"}],"wp:attachment":[{"href":"https:\/\/www.anja-petshop.si\/hr\/wp-json\/wp\/v2\/media?parent=17747"}],"wp:term":[{"taxonomy":"product_brand","embeddable":true,"href":"https:\/\/www.anja-petshop.si\/hr\/wp-json\/wp\/v2\/product_brand?post=17747"},{"taxonomy":"product_cat","embeddable":true,"href":"https:\/\/www.anja-petshop.si\/hr\/wp-json\/wp\/v2\/product_cat?post=17747"},{"taxonomy":"product_tag","embeddable":true,"href":"https:\/\/www.anja-petshop.si\/hr\/wp-json\/wp\/v2\/product_tag?post=17747"}],"curies":[{"name":"wp","href":"https:\/\/api.w.org\/{rel}","templated":true}]}}