{"id":17683,"date":"2024-07-26T14:36:33","date_gmt":"2024-07-26T14:36:33","guid":{"rendered":"https:\/\/www.anja-petshop.si\/?product=hyponic-mini-set"},"modified":"2026-01-21T13:38:20","modified_gmt":"2026-01-21T12:38:20","slug":"hyponic-mini-set","status":"publish","type":"product","link":"https:\/\/www.anja-petshop.si\/hr\/proizvod\/hyponic-mini-set\/","title":{"rendered":"HYPONIC Mini Set"},"content":{"rendered":"<p><strong>HYPONIC No Sting Hinoki Cypress Ear Cleaner (za vse pse) 30 ml<\/strong>\u00a0\u2013 prvi svetovni \u010distilec u\u0161es brez surfaktantov<\/p>\n<p>HYPONIC No Sting Hinoki Cypress Ear Cleaner je zasnovan za redno \u010di\u0161\u010denje ob\u010dutljivih u\u0161es pri ljubljen\u010dkih, s poudarkom na uporabi naravnih sestavin. Ta izdelek je formuliran z 48 % Hinoki ciprese (patentirano), znane po svojih antibakterijskih in protivnetnih lastnostih. Ta izdelek je prav tako brez surfaktantov, brez propilenglikola, brez alkohola (etanola) in brez di\u0161av, zato je popolnoma varen za uporabo pri mladi\u010dkih.<\/p>\n<ul>\n<li><strong>Formula brez surfaktantov in alkohola<\/strong>\u00a0omogo\u010da, da je nepekljiva in ne\u017ena za ob\u010dutljiva u\u0161esa, kar zagotavlja brezbole\u010dno izku\u0161njo za ljubljen\u010dke.<\/li>\n<li>Zasnovan za re\u0161evanje te\u017eav, kot so srbenje, izcedek, vonj in stresanje glave.<\/li>\n<li><strong>Dermatest ocenjen, odli\u010dno:<\/strong><\/li>\n<li>Podeljen s strani Nem\u0161kega dermatolo\u0161kega raziskovalnega in\u0161tituta, ustanovljenega leta 1979, kar ka\u017ee na odli\u010dno toleranco ko\u017ee glede na najstro\u017eje mednarodne standarde.<\/li>\n<li><strong>Varen in enostaven za uporabo:<\/strong><\/li>\n<li>Klini\u010dno dokazan in testiran za varnost.<\/li>\n<\/ul>\n<p>\u201ePretresite \u010distilec u\u0161es, ki ga trenutno uporabljate. \u010ce se na vrhu tvori pena, vsebuje surfaktante. Surfaktanti so kemi\u010dni agensi, ki se uporabljajo za zmanj\u0161anje napetosti med teko\u010dinami. Ve\u010dina \u010distilcev u\u0161es vsebuje surfaktante.<\/p>\n<p>Detergenti so surfaktanti, ki lahko spro\u017eijo dra\u017eenje ko\u017ee, saj na obrazu pustijo ostanke mila. V na\u0161em raziskovanju smo se osredoto\u010dili na iskanje naravnih sestavin, ki bi nadomestile surfaktante, ne da bi pri tem ogrozili sposobnost \u010di\u0161\u010denja, in ugotovili, da ima izvle\u010dek ciprese naravne antibakterijske, protivnetne in protiglivi\u010dne lastnosti.\u201c<\/p>\n<hr \/>\n<p><strong>HYPONIC Hinoki Cypress Detangling Mist (za vse hi\u0161ne ljubljen\u010dke) 55 ml<\/strong><\/p>\n<p>HYPONIC-ova nagrajena, varna in naravna meglica nudi globoko in zdravo hidracijo ter hranila suhi, krhki dlaki in ko\u017ei hi\u0161nih ljubljen\u010dkov. Ta izdelek prav tako prepre\u010duje zapletanje dlake in statiko. U\u010dinkovito pomirja in neguje ko\u017eo psov, medtem ko vla\u017ei, krepi in obogati. Ta izdelek temelji na izvle\u010dku ciprese (23 %), izvle\u010dku rde\u010dega ginsenga in kraljevski \u017eele. Te sestavine so dokazane, da obnavljajo hranila ko\u017ei in krepijo njeno imunost. Ta izdelek je tudi odli\u010den odstranjevalec vonjav.<\/p>\n<p>Za uporabo po kopanju, sprehodu in \u010desanju.<\/p>\n<ul>\n<li><strong>VLA\u017dI, KREPITE, ODSTRANJUJE VONJ IN ZAPLETANJE<\/strong>\u00a0\u2013 Ve\u010dfunkcijski izdelek za nego in obnovitev ravnote\u017eja vlage ko\u017ee in dlake za bolj\u0161o obvladljivost in zdrav sijaj.<\/li>\n<li><strong>OBOGATEN Z NUTRIJENTI IN UMIRJA<\/strong>\u00a0\u2013 Zdravilne in obnavljajo\u010de lastnosti zeli\u0161\u010dnih izvle\u010dkov rde\u010dega ginsenga in kraljevskega \u017eeleja pomirjajo, obnavljajo in nudijo globoko hidracijo.<\/li>\n<li><strong>DERMATEST OCENJEN, ODLI\u010cNO<\/strong>\u00a0\u2013 Podeljen s strani Nem\u0161kega dermatolo\u0161kega raziskovalnega in\u0161tituta, ustanovljenega leta 1979, ki testira toleranco ko\u017ee na podlagi najstro\u017ejih mednarodnih standardov.<\/li>\n<li><strong>100 % brez surfaktantov<\/strong>\u00a0\u2013 surfaktanti so kemi\u010dni agensi, ki se uporabljajo v mnogih drugih \u010distilcih u\u0161es.<\/li>\n<li><strong>Nudi prijetno di\u0161avo, ki jo je ustvaril strokovni parfumer.<\/strong><\/li>\n<li><strong>Izdelano z 23 % hinoki ciprese za antibakterijske in protivnetne lastnosti.<\/strong><\/li>\n<li><strong>Pomaga vla\u017eiti in negovati ko\u017eo in dlako va\u0161ega ljubljen\u010dka.<\/strong><\/li>\n<li><strong>Zaklju\u010deni testi na netoksi\u010dnost in dra\u017eenje ko\u017ee, ki jih je izvedla Katedra za veterinarsko medicino na Nacionalni univerzi v Seulu in Dermatest.<\/strong><\/li>\n<\/ul>\n<hr \/>\n<p><strong>HYPONIC Gentle Exfoliating Scrub Powder (za vse hi\u0161ne ljubljen\u010dke) 2 g x 3<\/strong><\/p>\n<p>HYPONIC Gentle Exfoliating Scrub Powder je specializiran za pse in ma\u010dke s te\u017eavami s ko\u017eo in je primeren za pasme s kratko dlako. \u0160e posebej u\u010dinkovit pri odstranjevanju prhljaja, lu\u0161\u010de\u010de ko\u017ee in \u010di\u0161\u010denju mastnih delov, kot so u\u0161esa, zadnjica in tace. Ta izdelek je narejen z uporabo ne-GMO koruznega \u0161kroba namesto \u010diste vode, kar ustvarja bogato, kremasto peno. Klju\u010dna sestavina je proteaza, ekstrahirana iz papaje (papain), ki pomaga pri uravnavanju sebuma, prhljaja in lu\u0161\u010de\u010de ko\u017ee.<\/p>\n<ul>\n<li><strong>Brez pigmentov in di\u0161av.<\/strong><\/li>\n<li><strong>Ne\u017eno odstranjuje mrtvo ko\u017eo, nabranost in ne\u010disto\u010de ter podpira naravno zdravo ko\u017eo.<\/strong><\/li>\n<li><strong>\u0160e posebej primeren za pasme s kratko dlako, kot so terierji s debelo, kodrasto dlako.<\/strong><\/li>\n<li><strong>Brez kemikalij.<\/strong><\/li>\n<li><strong>Podeljen s strani Nem\u0161kega dermatolo\u0161kega raziskovalnega in\u0161tituta, ustanovljenega leta 1979, kar ka\u017ee na odli\u010dno toleranco ko\u017ee glede na stroge mednarodne standarde.<\/strong><\/li>\n<\/ul>\n<p><strong>Kako uporabiti:<\/strong>\u00a0Temeljito namo\u010dite dlako hi\u0161nega ljubljen\u010dka s toplo vodo. Obrnite dlako hi\u0161nega ljubljen\u010dka v nasprotno smer, da postane ko\u017ea vidna. Enakomerno posujte ustrezno koli\u010dino po ko\u017ei. Ne\u017eno vmasirajte s konicami prstov, dovolj penite in temeljito sperite z vodo.<\/p>\n<p><strong>Opozorilo:<\/strong>\u00a0Hranite izven dosega otrok.<\/p>\n<hr \/>\n<p><strong>HYPONIC Hipoalergenski \u0161ampon (za pse, volumizirajo\u010d) 10 ml x 5 \u2013 BREZ POTREBE PO BALZAMU<\/strong><\/p>\n<p>HYPONIC Hipoalergenski \u0161ampon (za pse, volumizirajo\u010d) je specializiran za ustvarjanje pove\u010dane volumna pri psih, kot sta pudelj in bichon frise. Ta ne\u017eni \u0161ampon je izdelan iz 100 % naravnih \u010distilnih sredstev, brez nevarnih kemikalij in je formuliran z citronsko kislino, oljem son\u010dni\u010dnih semen, oljem jojobe, oljem oljk, oljem makadamije in ekstraktom listov \u010dajevca. Te rastlinske sestavine so skrbno izbrane, da zagotovijo zdravo ko\u017eo, izjemen volumen, bogato in kremasto peno ter mehak ob\u010dutek med pranjem. Ta izdelek ne potrebuje balzama.<\/p>\n<ul>\n<li><strong>VOLUMIZIRANJE<\/strong>\u00a0\u2013 Hipoalergenski \u0161ampon maksimira volumen in obliko s pove\u010danjem dlake za pse s kodrasto ali valovito dlako.<\/li>\n<li><strong>DERMATEST OCENJEN, ODLI\u010cNO<\/strong>\u00a0\u2013 Podeljen s strani Nem\u0161kega dermatolo\u0161kega raziskovalnega in\u0161tituta, ustanovljenega leta 1979, ki testira toleranco ko\u017ee glede na najstro\u017eja mednarodna merila. \u2013 5 zvezdic<\/li>\n<li><strong>HYPOALLERGENIC &amp; NATURAL<\/strong>\u00a0\u2013 100 % hipoalergene sestavine zasnovane za ne\u017enost in milost.<\/li>\n<li><strong>BREZ POTREBE PO BALZAMU<\/strong>\u00a0\u2013 Ustvari bogato, kremasto luksuzno peno, ki ne potrebuje lo\u010denega balzama.<\/li>\n<li><strong>100 % ZAUPA IN GARANCIJA ZADOVOLJSTVA<\/strong>\u00a0\u2013 Brez \u0161kodljivih kemikalij, se \u010disto izpira + mehko; klini\u010dno testirano in dokazano.<\/li>\n<li><strong>Hipoalergenski in naravni<\/strong> \u2013 Premium naravne \u010distilne in hipoalergene sestavine, posebej zasnovane za ne\u017enost in milost. Dermatolo\u0161ko testirano hipoalergeno in ocenjeno kot \u201eodli\u010dno (5 zvezdic)\u201c s strani Dermatest. (Brez sulfata, parabenov, PEG, CAPB, DEA, silikona, mineralnega olja<\/li>\n<\/ul>\n","protected":false},"excerpt":{"rendered":"<p>HYPONIC Mini set je bil ustvarjen, da vam ponudi prilo\u017enost preizkusiti izdelek, preden se odlo\u010dite za polno nakup. Ta mini set je popoln za vikend, za uporabo med nego ali preprosto zato, ker obo\u017eujete mini pakete (PS: prilega se v ro\u010dno prtljago).<br \/>\nTa paket vsebuje naslednje:<\/p>\n<p>HYPONIC No Sting Hinoki Cypress Ear Cleaner (za vse pse) 30 ml\u00a0\u2013 prvi svetovni \u010distilec u\u0161es brez surfaktantov<br \/>\nHYPONIC Hinoki Cypress Detangling Mist (za vse hi\u0161ne ljubljen\u010dke) 55 ml<br \/>\nHYPONIC Gentle Exfoliating Scrub Powder (za vse hi\u0161ne ljubljen\u010dke) 2 g x 3<br \/>\nHYPONIC Hipoalergenski \u0161ampon (za pse, volumizirajo\u010d) 10 ml x 5 \u2013 BREZ POTREBE PO BALZAMU<\/p>\n","protected":false},"featured_media":25504,"template":"","meta":[],"product_brand":[579],"product_cat":[412,539],"product_tag":[277,313],"class_list":{"0":"post-17683","1":"product","2":"type-product","3":"status-publish","4":"has-post-thumbnail","6":"product_brand-hyponic","7":"product_cat-kozmetika-hr","8":"product_cat-ostalohr","9":"product_tag-hyponic","10":"product_tag-set","12":"first","13":"onbackorder","14":"taxable","15":"shipping-taxable","16":"purchasable","17":"product-type-simple"},"_links":{"self":[{"href":"https:\/\/www.anja-petshop.si\/hr\/wp-json\/wp\/v2\/product\/17683","targetHints":{"allow":["GET"]}}],"collection":[{"href":"https:\/\/www.anja-petshop.si\/hr\/wp-json\/wp\/v2\/product"}],"about":[{"href":"https:\/\/www.anja-petshop.si\/hr\/wp-json\/wp\/v2\/types\/product"}],"wp:featuredmedia":[{"embeddable":true,"href":"https:\/\/www.anja-petshop.si\/hr\/wp-json\/wp\/v2\/media\/25504"}],"wp:attachment":[{"href":"https:\/\/www.anja-petshop.si\/hr\/wp-json\/wp\/v2\/media?parent=17683"}],"wp:term":[{"taxonomy":"product_brand","embeddable":true,"href":"https:\/\/www.anja-petshop.si\/hr\/wp-json\/wp\/v2\/product_brand?post=17683"},{"taxonomy":"product_cat","embeddable":true,"href":"https:\/\/www.anja-petshop.si\/hr\/wp-json\/wp\/v2\/product_cat?post=17683"},{"taxonomy":"product_tag","embeddable":true,"href":"https:\/\/www.anja-petshop.si\/hr\/wp-json\/wp\/v2\/product_tag?post=17683"}],"curies":[{"name":"wp","href":"https:\/\/api.w.org\/{rel}","templated":true}]}}