{"id":17596,"date":"2024-07-23T11:15:53","date_gmt":"2024-07-23T11:15:53","guid":{"rendered":"https:\/\/www.anja-petshop.si\/?product=hyponic-cistilec-za-usesa-iz-hinoki-ciprese-brez-pekocega-obcutka-za-vse-pse"},"modified":"2025-08-15T15:41:27","modified_gmt":"2025-08-15T15:41:27","slug":"hyponic-cistilec-za-usesa-iz-hinoki-ciprese-brez-pekocega-obcutka-za-vse-pse","status":"publish","type":"product","link":"https:\/\/www.anja-petshop.si\/hr\/proizvod\/hyponic-cistilec-za-usesa-iz-hinoki-ciprese-brez-pekocega-obcutka-za-vse-pse\/","title":{"rendered":"HYPONIC \u010cista\u010d za u\u0161i od hinoki \u010dempresa bez osje\u0107aja pe\u010denja (za sve \u017eivotinje) 30 ml"},"content":{"rendered":"<div class=\"flex max-w-full flex-col flex-grow\">\n<div class=\"min-h-[20px] text-message flex w-full flex-col items-end gap-2 whitespace-normal break-words [.text-message+&amp;]:mt-5\">\n<div class=\"flex w-full flex-col gap-1 empty:hidden first:pt-[3px]\">\n<div class=\"markdown prose w-full break-words dark:prose-invert light\">\n<p><strong>HYPONIC \u010cista\u010d za u\u0161i od hinoki \u010dempresa bez osje\u0107aja pe\u010denja \u2013 prvi \u010dista\u010d za u\u0161i na svijetu bez povr\u0161inski aktivnih tvari!<\/strong><\/p>\n<p>U\u0161i ku\u0107nih ljubimaca izuzetno su osjetljive na \u0161tetne sastojke, stoga je nemogu\u0107e isprati \u010dista\u010de u\u0161iju vodom. Zbog toga je Hyponicova glavna prioritetna bila stvoriti \u010dista\u010d u\u0161iju koji koristi samo prirodne sastojke.<\/p>\n<p><strong>HYPONIC \u010cista\u010d za u\u0161i od hinoki \u010dempresa bez osje\u0107aja pe\u010denja<\/strong>\u00a0je bez povr\u0161inski aktivnih tvari, bez propilenglikola, bez alkohola (etanol) i bez mirisa te sadr\u017ei 48% hinoki \u010dempresa. Ovaj proizvod se preporu\u010duje za rutinsko \u010di\u0161\u0107enje osjetljivih u\u0161iju ku\u0107nih ljubimaca.<\/p>\n<p><strong>Hyponic<\/strong>\u00a0je kratica za &#8220;hipoalergeno&#8221;, \u0161to zna\u010di da je blag i uzrokuje manje alergijskih reakcija.<\/p>\n<p>Tijekom na\u0161eg istra\u017eivanja, fokusirali smo se na pronalazak prirodnih sastojaka koji bi zamijenili povr\u0161inski aktivne tvari, a da pritom ne ugrozimo u\u010dinkovitost \u010di\u0161\u0107enja.<\/p>\n<p>!!!\u00a0<strong>Protresite \u010dista\u010d za u\u0161i prije uporabe.<\/strong>\u00a0Ako se na vrhu stvori pjena, sadr\u017ei povr\u0161inski aktivne tvari. Povr\u0161inski aktivne tvari su kemijski agensi koji se koriste za smanjenje napetosti izme\u0111u teku\u0107ina. Ve\u0107ina \u010dista\u010da za u\u0161i sadr\u017ei povr\u0161inski aktivne tvari. Deterd\u017eenti su povr\u0161inski aktivne tvari koje mogu izazvati iritaciju ko\u017ee jer ostavljaju tragove sapuna na ko\u017ei. Tijekom istra\u017eivanja, fokusirali smo se na pronalazak prirodnih sastojaka koji bi zamijenili povr\u0161inski aktivne tvari, a da pritom ne ugrozimo u\u010dinkovitost \u010di\u0161\u0107enja. Otkrili smo da ekstrakt \u010dempresa ima prirodna antibakterijska, protuupalna i protugljivi\u010dna svojstva.<\/p>\n<\/div>\n<\/div>\n<\/div>\n<\/div>\n","protected":false},"excerpt":{"rendered":"<p>Bez povr\u0161inski aktivnih tvari \u2013 Prvi \u010dista\u010d za u\u0161i na svijetu bez povr\u0161inski aktivnih tvari!Bez mirisa i alkohola.48% PRIRODNA HINOKI \u010cEMPRES (PATENTIRANO) \u2013 \u010cisti i umiruje pse\u0107e uho te uklanja neugodan miris od iscjetka iz u\u0161iju.BEZ PE\u010cENJA (BEZ POVR\u0160INSKIH AKTIVNIH TVARI I ALKOHOLA) \u2013 Nje\u017ean za osjetljive u\u0161i i bez boli, pru\u017eaju\u0107i va\u0161em ljubimcu udobnost. Namijenjen za svrbe\u017e, iscjedak, miris i tresenje glave.HIPOALERGENO I PRIRODNO \u2013 100% hipoalergeni sastojci, dizajnirani za nje\u017enost i blage u\u010dinke.OCJENA DERMATEST, ODLI\u010cNO \u2013 Nagra\u0111eno od strane Njema\u010dkog dermatolo\u0161kog istra\u017eiva\u010dkog instituta, osnovanog 1979. godine, koji testira toleranciju ko\u017ee prema najstro\u017eim me\u0111unarodnim standardima.SIGURNO I JEDNOSTAVNO ZA KORI\u0160TENJE \u2013 Klini\u010dki dokazano i testirano.<\/p>\n","protected":false},"featured_media":10757,"template":"","meta":[],"product_brand":[579],"product_cat":[470,412],"product_tag":[299,298,277],"class_list":{"0":"post-17596","1":"product","2":"type-product","3":"status-publish","4":"has-post-thumbnail","6":"product_brand-hyponic","7":"product_cat-higiena-hr","8":"product_cat-kozmetika-hr","9":"product_tag-cistilec-za-usesa","10":"product_tag-ear-cleaner","11":"product_tag-hyponic","13":"first","14":"instock","15":"taxable","16":"shipping-taxable","17":"purchasable","18":"product-type-simple"},"_links":{"self":[{"href":"https:\/\/www.anja-petshop.si\/hr\/wp-json\/wp\/v2\/product\/17596","targetHints":{"allow":["GET"]}}],"collection":[{"href":"https:\/\/www.anja-petshop.si\/hr\/wp-json\/wp\/v2\/product"}],"about":[{"href":"https:\/\/www.anja-petshop.si\/hr\/wp-json\/wp\/v2\/types\/product"}],"wp:featuredmedia":[{"embeddable":true,"href":"https:\/\/www.anja-petshop.si\/hr\/wp-json\/wp\/v2\/media\/10757"}],"wp:attachment":[{"href":"https:\/\/www.anja-petshop.si\/hr\/wp-json\/wp\/v2\/media?parent=17596"}],"wp:term":[{"taxonomy":"product_brand","embeddable":true,"href":"https:\/\/www.anja-petshop.si\/hr\/wp-json\/wp\/v2\/product_brand?post=17596"},{"taxonomy":"product_cat","embeddable":true,"href":"https:\/\/www.anja-petshop.si\/hr\/wp-json\/wp\/v2\/product_cat?post=17596"},{"taxonomy":"product_tag","embeddable":true,"href":"https:\/\/www.anja-petshop.si\/hr\/wp-json\/wp\/v2\/product_tag?post=17596"}],"curies":[{"name":"wp","href":"https:\/\/api.w.org\/{rel}","templated":true}]}}