{"id":17383,"date":"2024-07-16T17:03:37","date_gmt":"2024-07-16T17:03:37","guid":{"rendered":"https:\/\/www.anja-petshop.si\/?product=hyponic-hipoalergeni-sampon-za-mladicke-in-kratkodlake-pse"},"modified":"2025-06-30T14:57:26","modified_gmt":"2025-06-30T14:57:26","slug":"hyponic-hipoalergeni-sampon-za-mladicke-in-kratkodlake-pse","status":"publish","type":"product","link":"https:\/\/www.anja-petshop.si\/hr\/proizvod\/hyponic-hipoalergeni-sampon-za-mladicke-in-kratkodlake-pse\/","title":{"rendered":"HYPONIC Hipoalergenski \u0161ampon (za \u0161tence i pse kratke dlake) 300 ml"},"content":{"rendered":"<div class=\"flex flex-grow flex-col max-w-full\">\n<div class=\"min-h-[20px] text-message flex flex-col items-start whitespace-pre-wrap break-words [.text-message+&amp;]:mt-5 juice:w-full juice:items-end overflow-x-auto gap-2\">\n<div class=\"flex w-full flex-col gap-1 juice:empty:hidden juice:first:pt-[3px]\">\n<div class=\"markdown prose w-full break-words dark:prose-invert light\">\n<div class=\"flex max-w-full flex-col flex-grow\">\n<div class=\"min-h-[20px] text-message flex w-full flex-col items-end gap-2 whitespace-normal break-words [.text-message+&amp;]:mt-5\">\n<div class=\"flex w-full flex-col gap-1 empty:hidden first:pt-[3px]\">\n<div class=\"markdown prose w-full break-words dark:prose-invert light\">\n<p>VLA\u017dI SUHU KO\u017dU \u2013 Hipoalergenski \u0161ampon s pobolj\u0161anom hidratacijom za \u0161tence i pse kratke dlake.<\/p>\n<p>DERMATEST OCJENA, ODLI\u010cNO \u2013 Nagra\u0111en od strane Njema\u010dkog dermatolo\u0161kog istra\u017eiva\u010dkog instituta, osnovanog 1979. godine, koji testira toleranciju ko\u017ee prema najstro\u017eim me\u0111unarodnim standardima.<\/p>\n<p>HIPOALERGENO I PRIRODNO \u2013 100% hipoalergenski sastojci, osmi\u0161ljeni za nje\u017eno i blago djelovanje.<\/p>\n<p>NE TREBA REGENERATOR \u2013 Stvara bogatu, kremastu i luksuznu pjenu koja ne zahtijeva dodatni regenerator.<\/p>\n<p>100% POVJERENJE I GARANCIJA ZADOVOLJSTVA \u2013 Bez \u0161tetnih kemikalija, ispire se \u010disto i mekano; Klini\u010dki testirano i dokazano.<\/p>\n<p>Hipoalergeno i prirodno \u2013 100% sigurni vrhunski prirodni sastojci za \u010di\u0161\u0107enje i hipoalergenski sastojci, posebno osmi\u0161ljeni za nje\u017eno i blago djelovanje. Dermatolo\u0161ki testirano kao hipoalergeno i ocijenjeno \u201eOdli\u010dno (5 zvjezdica)\u201c od strane Dermatest. (Bez sulfata, parabena, PEG, CAPB, DEA, silikona, mineralnih ulja ili boja.)<\/p>\n<p>Ne treba regenerator \u2013 HYPONIC prirodni terapeutski \u0161ampon za pse stvara izuzetno bogatu i kremastu luksuznu pjenu, pri \u010demu ultra-mekani osje\u0107aj pranja ne zahtijeva odvojeni regenerator. Osim toga, formula sadr\u017ei obilje visokokvalitetnih prirodnih biljnih sastojaka poput ulja jojobinih sjemenki, aloe vere i ekstrakta zelenog \u010daja, koji poti\u010du prirodnu meko\u0107u dlake i odr\u017eavaju je hidratiziranom i mekanom.<\/p>\n<p>Ispire se \u010disto i mekano kao bebina ko\u017ea \u2013 Kemikalije mogu u\u010diniti dlaku va\u0161eg ljubimca tvrdom i suhom jer uklanjaju za\u0161titni sloj s ko\u017ee i dlake. HYPONIC hipoalergenski \u0161ampon uklanja prljav\u0161tinu i ulje, dok zadr\u017eava za\u0161titni sloj ko\u017ee, omogu\u0107uju\u0107i vam da osjetite \u010disto\u0107u i meko\u0107u bez ostataka, kao nijedan drugi \u0161ampon.<\/p>\n<p>Klini\u010dki testirano i dokazano \u2013 Na\u0161i vrhunski \u0161amponi podr\u017eani su opse\u017enim istra\u017eivanjima i testiranjima najvi\u0161e kvalitete kako bi va\u0161im ljubimcima pru\u017eili najvi\u0161i standard i vrhunske proizvode za njegu. Istra\u017eivanja i testiranja proveli su Veterinarski fakultet Sveu\u010dili\u0161ta u Seulu i Dermatest.<\/p>\n<p>100% povjerenje i garancija zadovoljstva \u2013 Ponosno otkrivamo 100% svih na\u0161ih sastojaka sa svakim slu\u017ebenim imenom sastojka.<\/p>\n<\/div>\n<\/div>\n<\/div>\n<\/div>\n<\/div>\n<\/div>\n<\/div>\n<\/div>\n","protected":false},"excerpt":{"rendered":"<p>HYPONIC hipoalergenski \u0161ampon (za \u0161tence i pse kratke dlake) posebno je dizajniran za dubinsku hidrataciju ko\u017ee i dlake \u0161tenaca mla\u0111ih od 12 mjeseci i pasa kratke dlake. HYPONIC \u0161ampon izra\u0111en je od 100% prirodnih sredstava za \u010di\u0161\u0107enje i ne sadr\u017ei \u0161tetne kemikalije. Bogata, kremasta pjena i nje\u017ean osje\u0107aj tijekom pranja ne zahtijevaju regenerator.<\/p>\n","protected":false},"featured_media":25513,"template":"","meta":[],"product_brand":[579],"product_cat":[412,590],"product_tag":[279,280,277],"class_list":{"0":"post-17383","1":"product","2":"type-product","3":"status-publish","4":"has-post-thumbnail","6":"product_brand-hyponic","7":"product_cat-kozmetika-hr","8":"product_cat-samponihr","9":"product_tag-hipoalergen","10":"product_tag-hypoallergenic","11":"product_tag-hyponic","13":"first","14":"instock","15":"taxable","16":"shipping-taxable","17":"purchasable","18":"product-type-simple"},"_links":{"self":[{"href":"https:\/\/www.anja-petshop.si\/hr\/wp-json\/wp\/v2\/product\/17383","targetHints":{"allow":["GET"]}}],"collection":[{"href":"https:\/\/www.anja-petshop.si\/hr\/wp-json\/wp\/v2\/product"}],"about":[{"href":"https:\/\/www.anja-petshop.si\/hr\/wp-json\/wp\/v2\/types\/product"}],"wp:featuredmedia":[{"embeddable":true,"href":"https:\/\/www.anja-petshop.si\/hr\/wp-json\/wp\/v2\/media\/25513"}],"wp:attachment":[{"href":"https:\/\/www.anja-petshop.si\/hr\/wp-json\/wp\/v2\/media?parent=17383"}],"wp:term":[{"taxonomy":"product_brand","embeddable":true,"href":"https:\/\/www.anja-petshop.si\/hr\/wp-json\/wp\/v2\/product_brand?post=17383"},{"taxonomy":"product_cat","embeddable":true,"href":"https:\/\/www.anja-petshop.si\/hr\/wp-json\/wp\/v2\/product_cat?post=17383"},{"taxonomy":"product_tag","embeddable":true,"href":"https:\/\/www.anja-petshop.si\/hr\/wp-json\/wp\/v2\/product_tag?post=17383"}],"curies":[{"name":"wp","href":"https:\/\/api.w.org\/{rel}","templated":true}]}}