{"id":17359,"date":"2024-07-16T15:46:25","date_gmt":"2024-07-16T15:46:25","guid":{"rendered":"https:\/\/www.anja-petshop.si\/?product=hyponic-hipoalergeni-sampon-za-vse-pse"},"modified":"2025-09-30T15:40:50","modified_gmt":"2025-09-30T15:40:50","slug":"hyponic-hipoalergeni-sampon-za-vse-pse","status":"publish","type":"product","link":"https:\/\/www.anja-petshop.si\/hr\/proizvod\/hyponic-hipoalergeni-sampon-za-vse-pse\/","title":{"rendered":"HYPONIC Hipoalergenski \u0161ampon (za sve pse) 300 ml"},"content":{"rendered":"<div class=\"flex flex-grow flex-col max-w-full\">\n<div class=\"min-h-[20px] text-message flex flex-col items-start whitespace-pre-wrap break-words [.text-message+&amp;]:mt-5 juice:w-full juice:items-end overflow-x-auto gap-2\">\n<div class=\"flex w-full flex-col gap-1 juice:empty:hidden juice:first:pt-[3px]\">\n<div class=\"markdown prose w-full break-words dark:prose-invert light\">\n<p>ZA SVE PSE ILI \u0160TENAD \u2013 Hipoalergenski \u0161ampon \u010disti, umiruje, omek\u0161ava i njeguje dlaku i ko\u017eu.<\/p>\n<p>OCJENA DERMATEST, ODLI\u010cNO \u2013 Nagra\u0111en od strane Njema\u010dkog dermatolo\u0161kog istra\u017eiva\u010dkog instituta, osnovanog 1979. godine, koji testira toleranciju ko\u017ee na temelju najstro\u017eih me\u0111unarodnih standarda \u2013 ocijenjen s 5 zvjezdica.<\/p>\n<p>HIPOALERGEN I PRIRODAN \u2013 100% hipoalergenski sastojci, dizajnirani za nje\u017enu i blagu njegu. BEZ POTREBE ZA REGENERATOROM \u2013 Stvara bogatu, kremastu i luksuznu pjenu koja ne zahtijeva poseban regenerator.<\/p>\n<p>100% POUZDANO I ZAJAM\u010cENO ZADOVOLJSTVO \u2013 Bez \u0161tetnih kemikalija, ispire se \u010disto i nje\u017eno; klini\u010dki testirano i dokazano.<\/p>\n<p>Hipoalergen i prirodan \u2013 100% sigurni vrhunski prirodni \u010dista\u010di i hipoalergenski sastojci, posebno dizajnirani za nje\u017enu i blagu njegu. Dermatolo\u0161ki testirano i ocijenjeno &#8220;Odli\u010dno&#8221; od strane Dermatest-a. (Bez sulfata, parabena, PEG-a, CAPB-a, DEA-e, silikona, mineralnih ulja ili boja.)<\/p>\n<p>Bez potrebe za regeneratorom \u2013 HYPONIC Natural Therapy Dog Shampoo stvara izuzetno bogatu i kremastu luksuznu pjenu koja ne zahtijeva poseban regenerator. Osim toga, bogata formula sadr\u017ei visokokvalitetne prirodne biljne sastojke poput ulja jojobe, aloe vere i ekstrakta zelenog \u010daja koji poti\u010du prirodnu meko\u0107u dlake i odr\u017eavaju je hidriranom i mekanom.<\/p>\n<p>Ispira se \u010disto i iznimno nje\u017eno \u2013 Kemijski sastojci \u010dine dlaku va\u0161eg ljubimca tvrdom i suhom jer uklanjaju za\u0161titni sloj s ko\u017ee i dlake. HYPONIC hipoalergenski \u0161ampon uklanja prljav\u0161tinu i ulje, dok istovremeno \u010duva za\u0161titni sloj ko\u017ee, omogu\u0107uju\u0107i vam da osjetite \u010disto\u0107u i meko\u0107u bez ostataka, kao nijedan drugi \u0161ampon.<\/p>\n<p>Klini\u010dki testirano i dokazano \u2013 Na\u0161i vrhunski \u0161amponi podr\u017eani su opse\u017enim istra\u017eivanjima i testiranjima najvi\u0161e kvalitete kako bi va\u0161im ljubimcima pru\u017eili najvi\u0161i standard, prvoklasne kvalitetne proizvode za njegu ku\u0107nih ljubimaca. Istra\u017eivanja i testiranja provedena su na Veterinarskom fakultetu Nacionalnog sveu\u010dili\u0161ta u Seulu i u Dermatestu.<\/p>\n<\/div>\n<\/div>\n<\/div>\n<\/div>\n","protected":false},"excerpt":{"rendered":"<p>HYPONIC hipoalergenski \u0161ampon izra\u0111en je od 100% prirodnih sredstava za \u010di\u0161\u0107enje i ne sadr\u017ei \u0161tetne kemikalije. Ovaj nje\u017eni \u010dista\u010d formuliran je s uljem suncokreta i uljem sjemenki jojobe za mekanu dlaku te ekstraktom zelenog \u010daja za duboku, zdravu hidrataciju. Bogata, kremasta pjena i mekani osje\u0107aj nakon pranja ne zahtijevaju upotrebu regeneratora.<br \/>\nDostupan u veli\u010dini od 300 ml.<\/p>\n","protected":false},"featured_media":10520,"template":"","meta":[],"product_brand":[579],"product_cat":[412,590],"product_tag":[279,280,277],"class_list":{"0":"post-17359","1":"product","2":"type-product","3":"status-publish","4":"has-post-thumbnail","6":"product_brand-hyponic","7":"product_cat-kozmetika-hr","8":"product_cat-samponihr","9":"product_tag-hipoalergen","10":"product_tag-hypoallergenic","11":"product_tag-hyponic","13":"first","14":"outofstock","15":"taxable","16":"shipping-taxable","17":"purchasable","18":"product-type-simple"},"_links":{"self":[{"href":"https:\/\/www.anja-petshop.si\/hr\/wp-json\/wp\/v2\/product\/17359","targetHints":{"allow":["GET"]}}],"collection":[{"href":"https:\/\/www.anja-petshop.si\/hr\/wp-json\/wp\/v2\/product"}],"about":[{"href":"https:\/\/www.anja-petshop.si\/hr\/wp-json\/wp\/v2\/types\/product"}],"wp:featuredmedia":[{"embeddable":true,"href":"https:\/\/www.anja-petshop.si\/hr\/wp-json\/wp\/v2\/media\/10520"}],"wp:attachment":[{"href":"https:\/\/www.anja-petshop.si\/hr\/wp-json\/wp\/v2\/media?parent=17359"}],"wp:term":[{"taxonomy":"product_brand","embeddable":true,"href":"https:\/\/www.anja-petshop.si\/hr\/wp-json\/wp\/v2\/product_brand?post=17359"},{"taxonomy":"product_cat","embeddable":true,"href":"https:\/\/www.anja-petshop.si\/hr\/wp-json\/wp\/v2\/product_cat?post=17359"},{"taxonomy":"product_tag","embeddable":true,"href":"https:\/\/www.anja-petshop.si\/hr\/wp-json\/wp\/v2\/product_tag?post=17359"}],"curies":[{"name":"wp","href":"https:\/\/api.w.org\/{rel}","templated":true}]}}