{"id":17347,"date":"2024-07-14T18:24:40","date_gmt":"2024-07-14T18:24:40","guid":{"rendered":"https:\/\/www.anja-petshop.si\/?product=hyponic-hypoallergenic-shampoo-for-dogs-with-white-coats-1500ml"},"modified":"2025-09-30T15:41:26","modified_gmt":"2025-09-30T15:41:26","slug":"hyponic-hypoallergenic-shampoo-for-dogs-with-white-coats-1500ml","status":"publish","type":"product","link":"https:\/\/www.anja-petshop.si\/hr\/proizvod\/hyponic-hypoallergenic-shampoo-for-dogs-with-white-coats-1500ml\/","title":{"rendered":"HYPONIC Hipoalergenski \u0161ampon (za pse s bijelom dlakom) 300 ml"},"content":{"rendered":"<p><span style=\"font-size:medium;\"><strong>POBOLJ\u0160AVA I UNAPRE\u0110ENJE BIJELE BOJE<\/strong> \u2013 Hipoalergenski \u0161ampon s UV za\u0161titom i posvjetljivanjem za pse s bijelom dlakom.<\/span><br \/><span style=\"font-size:medium;\"><strong>OCJENA DERMATEST, ODLI\u010cNO<\/strong> \u2013 Dodijeljeno od strane Njema\u010dkog instituta za dermatolo\u0161ka istra\u017eivanja, osnovanog 1979. godine, koji testira toleranciju ko\u017ee prema najstro\u017eim me\u0111unarodnim standardima.<\/span><br \/><span style=\"font-size:medium;\"><strong>HIPOALERGENSKI I PRIRODNI<\/strong> \u2013 100% hipoalergenski sastojci, dizajnirani za nje\u017enu i blagu upotrebu.<\/span><br \/><span style=\"font-size:medium;\"><strong>NEMA POTREBE ZA REGENERATOROM<\/strong> \u2013 Stvara bogatu, kremastu i luksuznu pjenu koja ne zahtijeva odvojeni regenerator.<\/span><br \/><span style=\"font-size:medium;\"><strong>100% POUZDAN I ZAGARANTIRAN ZADOVOLJSTVO<\/strong> \u2013 Bez \u0161tetnih kemikalija, ispire se \u010disto i mekano; klini\u010dki testirano i dokazano.<\/span><\/p>\n<p><span style=\"font-size:medium;\">Hipoalergenski i prirodni \u2013 100% sigurni vrhunski prirodni sastojci za \u010di\u0161\u0107enje i hipoalergenski sastojci, posebno dizajnirani za nje\u017enu i blagu upotrebu. Dermatolo\u0161ki testirano i ocijenjeno &#8220;Odli\u010dno (5 zvjezdica)&#8221; od strane Dermatest-a. (Bez sulfata, parabena, PEG, CAPB, DEA, silikona, mineralnog ulja ili boja.)<\/span><br \/><span style=\"font-size:medium;\">Nema potrebe za regeneratorom \u2013 HYPONIC Natural Therapy Dog Shampoo stvara iznimno bogatu i kremastu luksuznu pjenu i ultra-mek osje\u0107aj pranja koji ne zahtijeva odvojeni regenerator. Osim toga, formula sadr\u017ei obilje visokokvalitetnih prirodnih biljnih sastojaka, poput jojobinog ulja, aloe vere i ekstrakta zelenog \u010daja, koji osiguravaju prirodnu meko\u0107u dlake i odr\u017eavaju je hidratiziranom i mekanom.<\/span><br \/><span style=\"font-size:medium;\">Ispire se \u010disto i mekano poput bebine ko\u017ee \u2013 Kemijski sastojci \u010dine dlaku va\u0161eg ljubimca tvrdom i suhom, jer uklanjaju za\u0161titni sloj s ko\u017ee i dlake. HYPONIC hipoalergenski \u0161ampon uklanja prljav\u0161tinu i ulje, dok istovremeno zadr\u017eava za\u0161titni sloj ko\u017ee, omogu\u0107uju\u0107i vam osje\u0107aj \u010diste i mekane dlake bez ostataka, za razliku od drugih \u0161ampona.<\/span><br \/><span style=\"font-size:medium;\">Klini\u010dki testirano i dokazano \u2013 Na\u0161i vrhunski \u0161amponi poduprti su opse\u017enim istra\u017eivanjima i testovima vrhunske kvalitete, kako bi va\u0161im ljubimcima pru\u017eili najvi\u0161e standarde i prvoklasne proizvode za njegu ku\u0107nih ljubimaca. Istra\u017eivanja i testiranja provedena su na Veterinarskom fakultetu Nacionalnog sveu\u010dili\u0161ta u Seulu i Dermatest-u.<\/span><br \/><span style=\"font-size:medium;\">100% pouzdano i zajam\u010deno zadovoljstvo \u2013 Ponosno otkrivamo 100% svih na\u0161ih sastojaka s njihovim slu\u017ebenim imenima.<\/span><\/p>\n","protected":false},"excerpt":{"rendered":"<p>HYPONIC hipoalergenski \u0161ampon (za pse s bijelom dlakom) specijaliziran je za UV za\u0161titu i posvjetljivanje bijele dlake kod pasa. Ovaj nje\u017eni \u0161ampon izra\u0111en je od 100% prirodnih sredstava za \u010di\u0161\u0107enje i ne sadr\u017ei opasne kemikalije. Bogata, kremasta pjena i nje\u017ean osje\u0107aj nakon pranja ne zahtijevaju upotrebu regeneratora.<br \/>\nDostupan u veli\u010dinama od 300 ml.<\/p>\n","protected":false},"featured_media":10508,"template":"","meta":[],"product_brand":[579],"product_cat":[412,590],"product_tag":[279,278,277],"class_list":{"0":"post-17347","1":"product","2":"type-product","3":"status-publish","4":"has-post-thumbnail","6":"product_brand-hyponic","7":"product_cat-kozmetika-hr","8":"product_cat-samponihr","9":"product_tag-hipoalergen","10":"product_tag-hypoallerhenic","11":"product_tag-hyponic","13":"first","14":"instock","15":"taxable","16":"shipping-taxable","17":"purchasable","18":"product-type-simple"},"_links":{"self":[{"href":"https:\/\/www.anja-petshop.si\/hr\/wp-json\/wp\/v2\/product\/17347","targetHints":{"allow":["GET"]}}],"collection":[{"href":"https:\/\/www.anja-petshop.si\/hr\/wp-json\/wp\/v2\/product"}],"about":[{"href":"https:\/\/www.anja-petshop.si\/hr\/wp-json\/wp\/v2\/types\/product"}],"wp:featuredmedia":[{"embeddable":true,"href":"https:\/\/www.anja-petshop.si\/hr\/wp-json\/wp\/v2\/media\/10508"}],"wp:attachment":[{"href":"https:\/\/www.anja-petshop.si\/hr\/wp-json\/wp\/v2\/media?parent=17347"}],"wp:term":[{"taxonomy":"product_brand","embeddable":true,"href":"https:\/\/www.anja-petshop.si\/hr\/wp-json\/wp\/v2\/product_brand?post=17347"},{"taxonomy":"product_cat","embeddable":true,"href":"https:\/\/www.anja-petshop.si\/hr\/wp-json\/wp\/v2\/product_cat?post=17347"},{"taxonomy":"product_tag","embeddable":true,"href":"https:\/\/www.anja-petshop.si\/hr\/wp-json\/wp\/v2\/product_tag?post=17347"}],"curies":[{"name":"wp","href":"https:\/\/api.w.org\/{rel}","templated":true}]}}