{"id":24056,"date":"2025-11-09T09:31:33","date_gmt":"2025-11-09T09:31:33","guid":{"rendered":"https:\/\/www.anja-petshop.si\/?product=grooming-seminar-in-delavnica-salon-pet-clip-yorkie-in-vse-drop-coated-pasme-maltese-shih-tzu-2512026"},"modified":"2025-11-13T09:09:46","modified_gmt":"2025-11-13T09:09:46","slug":"grooming-seminar-in-delavnica-salon-pet-clip-yorkie-in-vse-drop-coated-pasme-maltese-shih-tzu-2512026","status":"publish","type":"product","link":"https:\/\/www.anja-petshop.si\/en\/product\/grooming-seminar-in-delavnica-salon-pet-clip-yorkie-in-vse-drop-coated-pasme-maltese-shih-tzu-2512026\/","title":{"rendered":"Grooming seminar in delavnica: SALON PET CLIP YORKIE in vse DROP COATED PASME (maltese, shih tzu&#8230;) 25.1.2026"},"content":{"rendered":"<p style=\"margin-top:0px;margin-bottom:0.8rem;color:#2e2323;font-family:Raleway, sans-serif;font-size:15px;background-color:#ffffff;\">Vabljeni na ekskluzivni\u00a0<span style=\"font-weight:bolder;\">seminar za Drop-Coated pasme<\/span>, kjer boste imeli prilo\u017enost poglobiti svoje znanje o\u00a0<span style=\"font-weight:bolder;\">negi in stri\u017eenju psov pasem kot so YORKIE, MALTEZAN, SHIH TZU salon CLIP, pet frizure<\/span>\u00a0pod vodstvom\u00a0<span style=\"font-weight:bolder;\">Nemanje Jeli\u0107a<\/span>, priznanega in cenjenega strokovnjaka za grooming iz Hrva\u0161ke.<\/p>\n<p style=\"margin-top:0px;margin-bottom:0.8rem;color:#2e2323;font-family:Raleway, sans-serif;font-size:15px;background-color:#ffffff;\">?\u00a0<span style=\"font-weight:bolder;\">Prikaz bo izveden na YORKSHIRE TERRIERJU<\/span>, razlo\u017eeno pa bo tudi za ostale pasme z enako strukturo dlake \u2013\u00a0<span style=\"font-weight:bolder;\">shih tzu, maltezan, lhasa apso, havanski bi\u0161on<\/span>\u00a0in podobne.<\/p>\n<h3 style=\"margin-top:0px;margin-bottom:0.5rem;font-family:Raleway, sans-serif;line-height:1.2;color:#2e2323;font-size:1.125rem;background-color:#ffffff;\">Kaj boste osvojili:<\/h3>\n<p style=\"margin-top:0px;margin-bottom:0.8rem;color:#2e2323;font-family:Raleway, sans-serif;font-size:15px;background-color:#ffffff;\">\u2728 Prakti\u010dne tehnike\u00a0<span style=\"font-weight:bolder;\">kopanja, su\u0161enja, razvozlavanja, nege in stri\u017eenja<\/span>\u00a0tega tipa dlake dlake.<br \/>\u2728\u00a0<span style=\"font-weight:bolder;\">Pravilno uporabo orodij<\/span>\u00a0in profesionalnih izdelkov za doseg pravilne strukture dlake<br \/>\u2728 Podroben prikaz\u00a0<span style=\"font-weight:bolder;\">SALON CLIP frizure<\/span>, idealne za vsakodnevno nego in profesionalno salonsko ponudbo.<br \/>\u2728 Razlaga\u00a0<span style=\"font-weight:bolder;\">najpogostej\u0161ih napak pri oblikovanju dlake<\/span>\u00a0in kako dose\u010di natancen eleganten videz.<\/p>\n<p style=\"margin-top:0px;margin-bottom:0.8rem;color:#2e2323;font-family:Raleway, sans-serif;font-size:15px;background-color:#ffffff;\">Seminar je namenjen tako\u00a0<span style=\"font-weight:bolder;\">za\u010detnikom<\/span>\u00a0kot\u00a0<span style=\"font-weight:bolder;\">izku\u0161enim groomerjem<\/span>, ki \u017eelijo nadgraditi svoje znanje in ponuditi vrhunske rezultate svojim strankam.<\/p>\n<h3 style=\"margin-top:0px;margin-bottom:0.5rem;font-family:Raleway, sans-serif;line-height:1.2;color:#2e2323;font-size:1.125rem;background-color:#ffffff;\">Mo\u017enosti prijave:<\/h3>\n<p style=\"margin-top:0px;margin-bottom:0.8rem;color:#2e2323;font-family:Raleway, sans-serif;font-size:15px;background-color:#ffffff;\">?\u00a0<span style=\"font-weight:bolder;\">Seminar (teorija + demonstracija):<\/span>\u00a0150 EUR<br \/>?\u00a0<span style=\"font-weight:bolder;\">Seminar z delavnico\u00a0<\/span><span style=\"font-weight:bolder;\">\u00a0(teorija + demonstracija in\u00a0<\/span><span style=\"font-weight:bolder;\">prakti\u010dno delo na modelu):<\/span>\u00a0220 EUR<\/p>\n<p style=\"margin-top:0px;margin-bottom:0.8rem;color:#2e2323;font-family:Raleway, sans-serif;font-size:15px;background-color:#ffffff;\">Vsi udele\u017eenci prejmejo\u00a0<span style=\"font-weight:bolder;\">certifikat<\/span>, ki potrjuje novo pridobljeno znanje in ve\u0161\u010dine.<\/p>\n<p style=\"margin-top:0px;margin-bottom:0.8rem;color:#2e2323;font-family:Raleway, sans-serif;font-size:15px;background-color:#ffffff;\">\u26a0\ufe0f\u00a0<span style=\"font-weight:bolder;\">\u0160tevilo mest je omejeno<\/span>\u00a0\u2013 rezervirajte svoje mesto pravo\u010dasno!<\/p>\n<p style=\"margin-top:0px;margin-bottom:0.8rem;color:#2e2323;font-family:Raleway, sans-serif;font-size:15px;background-color:#ffffff;\">\n<p style=\"margin-top:0px;margin-bottom:0px;color:#2e2323;font-family:Raleway, sans-serif;font-size:15px;background-color:#ffffff;\">?\u00a0<span style=\"font-weight:bolder;\">Pridru\u017eite se in odkrijte umetnost groominga Drop-Coated pasem<\/span>\u00a0\u2013 z osredoto\u010denostjo na popoln\u00a0<em>salon clip<\/em>\u00a0pod vodstvom vrhunskega strokovnjaka.<\/p>\n","protected":false},"excerpt":{"rendered":"<p>Grooming seminar i radionica: SALON PET CLIP YORKIE i sve DROP COATED PASMINE (maltezer, shih tzu&#8230;) \u2013 25.1.2026<br \/>\n?\u00a0Datum:\u00a025. januar 2026. (nedjelja)<br \/>\n?\u00a0Lokacija:\u00a0Pasji salon Anja, Dolenjska cesta 41, Ljubljana<br \/>\n\u23f0\u00a0Vrijeme:\u00a0Seminar (teorija i demonstracija) odr\u017eat \u0107e se od\u00a010:00 do 14:00, a radionica (prakti\u010dni rad) zapo\u010det \u0107e u\u00a015:00. Izme\u0111u \u0107emo imati pauzu za ru\u010dak i kavu.<br \/>\nNa raspolaganju su dvije opcije sudjelovanja:<br \/>\n?\u00a0Seminar:\u00a0150 EUR?\u00a0Seminar s radionicom:\u00a0220 EUR<\/p>\n<p>Seminar \u0107e se odr\u017eati na\u00a0srpskom\/hrvatskom jeziku, uz mogu\u0107nost\u00a0prijevoda na slovenski jezik.<\/p>\n","protected":false},"featured_media":17220,"template":"","meta":[],"product_brand":[],"product_cat":[454],"product_tag":[],"class_list":{"0":"post-24056","1":"product","2":"type-product","3":"status-publish","4":"has-post-thumbnail","6":"product_cat-seminars","8":"first","9":"outofstock","10":"virtual","11":"taxable","12":"purchasable","13":"product-type-simple"},"_links":{"self":[{"href":"https:\/\/www.anja-petshop.si\/en\/wp-json\/wp\/v2\/product\/24056","targetHints":{"allow":["GET"]}}],"collection":[{"href":"https:\/\/www.anja-petshop.si\/en\/wp-json\/wp\/v2\/product"}],"about":[{"href":"https:\/\/www.anja-petshop.si\/en\/wp-json\/wp\/v2\/types\/product"}],"wp:featuredmedia":[{"embeddable":true,"href":"https:\/\/www.anja-petshop.si\/en\/wp-json\/wp\/v2\/media\/17220"}],"wp:attachment":[{"href":"https:\/\/www.anja-petshop.si\/en\/wp-json\/wp\/v2\/media?parent=24056"}],"wp:term":[{"taxonomy":"product_brand","embeddable":true,"href":"https:\/\/www.anja-petshop.si\/en\/wp-json\/wp\/v2\/product_brand?post=24056"},{"taxonomy":"product_cat","embeddable":true,"href":"https:\/\/www.anja-petshop.si\/en\/wp-json\/wp\/v2\/product_cat?post=24056"},{"taxonomy":"product_tag","embeddable":true,"href":"https:\/\/www.anja-petshop.si\/en\/wp-json\/wp\/v2\/product_tag?post=24056"}],"curies":[{"name":"wp","href":"https:\/\/api.w.org\/{rel}","templated":true}]}}