{"id":24032,"date":"2025-11-06T19:33:16","date_gmt":"2025-11-06T19:33:16","guid":{"rendered":"https:\/\/www.anja-petshop.si\/?product=pw-hulk-thinner-skarje-58t-75"},"modified":"2025-12-10T20:59:41","modified_gmt":"2025-12-10T20:59:41","slug":"pw-hulk-thinner-skarje-58t-75","status":"publish","type":"product","link":"https:\/\/www.anja-petshop.si\/en\/product\/pw-hulk-thinner-skarje-58t-75\/","title":{"rendered":"P&#038;W Hulk Thinner Scissors 58T 7.5&#8243;"},"content":{"rendered":"<p><span style=\"color:#2e2323;font-family:Raleway, sans-serif;font-size:15px;background-color:#ffffff;\">Nick Kontos je ustanovitelj znamke P&amp;W (Power &amp; Working Scissors) \u0161karij, ki so izjemno cenjene v industriji negovanja in pasjega frizerstva. Njegovi izdelki so zasnovani z osredoto\u010denostjo na vzdr\u017eljivost, natan\u010dnost in ergonomsko udobje ter so prvotno namenjeni profesionalcem, ki potrebujejo vrhunsko orodje za doseganje brezhibnih rezultatov. Kot vodilni inovator v industriji Nick Kontos pri svojih izdelkih poudarja napredno izdelavo in uporabo kakovostnih materialov, ki ustrezajo profesionalni standardom. P&amp;W \u0161karje so pogosto predstavljene na razstavah, seminarjih in tekmovanjih v groomingu, kar potrjuje njihov sloves kot zaupanja vredne znamke za strokovnjake po vsem svetu.\u00a0<\/span><\/p>\n","protected":false},"excerpt":{"rendered":"<p>Profesionalne \u0161karje za red\u010denje in oblikovanje dlake, enostranske,\u00a0 blagovne znamke Power &#038; Working Scissors, model HULK z 58 zobci dol\u017eine 7,5.\u00a0 Uporabljajo jih znani vzreditelji in pasji frizerji ter razstavljavci po vsem svetu, namenjene so tako profesionalcem, kot tudi za doma\u010do uporabo. Njihova ostra rezalna povr\u0161ina omogo\u010da natan\u010dno in gladko red\u010denje ter oblikovanje dlake. Vsak zobec ima mikroskopsko bru\u0161eno povr\u0161ino, kar prepre\u010duje zdrs dlake med stri\u017eenjem.\u00a0 Pakirane so v etuiju z logotipom proizvajalca.\u00a0<br \/>\nOPOZORILO!Barve obro\u010dkov se lahko razlikujejo od prikazanih na sliki in so izbrane naklju\u010dno.<\/p>\n","protected":false},"featured_media":17196,"template":"","meta":[],"product_brand":[],"product_cat":[427,430,418],"product_tag":[],"class_list":{"0":"post-24032","1":"product","2":"type-product","3":"status-publish","4":"has-post-thumbnail","6":"product_cat-scissors","7":"product_cat-efilir","8":"product_cat-tools-for-grooming","9":"product_shipping_class-skare","11":"first","12":"outofstock","13":"taxable","14":"shipping-taxable","15":"purchasable","16":"product-type-simple"},"_links":{"self":[{"href":"https:\/\/www.anja-petshop.si\/en\/wp-json\/wp\/v2\/product\/24032","targetHints":{"allow":["GET"]}}],"collection":[{"href":"https:\/\/www.anja-petshop.si\/en\/wp-json\/wp\/v2\/product"}],"about":[{"href":"https:\/\/www.anja-petshop.si\/en\/wp-json\/wp\/v2\/types\/product"}],"wp:featuredmedia":[{"embeddable":true,"href":"https:\/\/www.anja-petshop.si\/en\/wp-json\/wp\/v2\/media\/17196"}],"wp:attachment":[{"href":"https:\/\/www.anja-petshop.si\/en\/wp-json\/wp\/v2\/media?parent=24032"}],"wp:term":[{"taxonomy":"product_brand","embeddable":true,"href":"https:\/\/www.anja-petshop.si\/en\/wp-json\/wp\/v2\/product_brand?post=24032"},{"taxonomy":"product_cat","embeddable":true,"href":"https:\/\/www.anja-petshop.si\/en\/wp-json\/wp\/v2\/product_cat?post=24032"},{"taxonomy":"product_tag","embeddable":true,"href":"https:\/\/www.anja-petshop.si\/en\/wp-json\/wp\/v2\/product_tag?post=24032"}],"curies":[{"name":"wp","href":"https:\/\/api.w.org\/{rel}","templated":true}]}}