{"id":23972,"date":"2025-09-30T15:42:55","date_gmt":"2025-09-30T15:42:55","guid":{"rendered":"https:\/\/www.anja-petshop.si\/?product=hyponic-shampoo-for-poodle-80ml"},"modified":"2025-09-30T15:44:16","modified_gmt":"2025-09-30T15:44:16","slug":"hyponic-shampoo-for-poodle-80ml","status":"publish","type":"product","link":"https:\/\/www.anja-petshop.si\/en\/product\/hyponic-shampoo-for-poodle-80ml\/","title":{"rendered":"HYPONIC Shampoo (for Poodle) 80ml"},"content":{"rendered":"<p style=\"margin-top:0px;margin-bottom:0.8rem;color:#2e2323;font-family:Raleway, sans-serif;font-size:15px;background-color:#ffffff;\">Po uporabi je dlaka mehka, zra\u010dna, lepo definirana in enostavna za raz\u010desavanje, kar omogo\u010da popoln razstavni videz. Zaradi svoje sestave je primeren tako za profesionalne groomerje kot tudi za lastnike, ki \u017eelijo vrhunski rezultat doma.<\/p>\n<ul style=\"margin-bottom:0px;margin-top:0px;padding:0.6rem 0.6rem 0.6rem 2rem;color:#2e2323;font-family:Raleway, sans-serif;font-size:15px;background-color:#ffffff;\">\n<li>\n<p style=\"margin-top:0px;margin-bottom:0px;\">Posebej razvit za\u00a0<span style=\"font-weight:bolder;\">pudlje, doodle in pasme s kodrasto dlako<\/span><\/p>\n<\/li>\n<li>\n<p style=\"margin-top:0px;margin-bottom:0px;\">Ohranja naravno obliko kodrov ter pove\u010da\u00a0<span style=\"font-weight:bolder;\">volumen in elasti\u010dnost<\/span><\/p>\n<\/li>\n<li>\n<p style=\"margin-top:0px;margin-bottom:0px;\">Zagotavlja\u00a0<span style=\"font-weight:bolder;\">globinsko \u010di\u0161\u010denje brez izsu\u0161evanja ko\u017ee<\/span><\/p>\n<\/li>\n<li>\n<p style=\"margin-top:0px;margin-bottom:0px;\"><span style=\"font-weight:bolder;\">Hipoalergena formula<\/span>\u00a0\u2013 primerna za ob\u010dutljivo ko\u017eo<\/p>\n<\/li>\n<li>\n<p style=\"margin-top:0px;margin-bottom:0px;\">Po uporabi dlaka postane\u00a0<span style=\"font-weight:bolder;\">mehka, sijo\u010da in gladka<\/span><\/p>\n<\/li>\n<li>\n<p style=\"margin-top:0px;margin-bottom:0px;\">Brez sulfatov, parabenov, silikonov in umetnih barvil<\/p>\n<\/li>\n<\/ul>\n<p style=\"margin-top:0px;margin-bottom:0.8rem;color:#2e2323;font-family:Raleway, sans-serif;font-size:15px;background-color:#ffffff;\"><span style=\"font-weight:bolder;\">Navodila za uporabo:<\/span><br \/>Dlako temeljito zmo\u010dite z mla\u010dno vodo. \u0160ampon enakomerno nanesite in ne\u017eno vmasirajte, da se ustvari bogata pena. Pustite delovati kratek \u010das, nato temeljito sperite, dokler voda ne te\u010de \u010dista. Po potrebi nadaljujte z uporabo balzama ali maske.<\/p>\n<p style=\"margin-top:0px;margin-bottom:0.8rem;color:#2e2323;font-family:Raleway, sans-serif;font-size:15px;background-color:#ffffff;\">\n<p style=\"margin-top:0px;margin-bottom:0px;color:#2e2323;font-family:Raleway, sans-serif;font-size:15px;background-color:#ffffff;\"><span style=\"font-weight:bolder;\">Priporo\u010dena uporaba:<\/span><br \/>Za redno nego pudljev in drugih pasem s kodrasto ali gosto dlako, kjer je cilj \u010dista, volumna polna, elasti\u010dna in zdrava dlaka z razstavnim videzom.<\/p>\n","protected":false},"excerpt":{"rendered":"<p>HYPONIC Shampoo (for Poodle) 300 ml \u2013 profesionalni \u0161ampon za pudlje<br \/>\nHYPONIC Poodle Shampoo je vrhunski \u0161ampon, posebej razvit za potrebe kodrasto dlako pudljev. Formula je zasnovana tako, da globinsko o\u010disti, ohrani naravno obliko kodrov in zagotovi elasti\u010dnost, volumen ter svilnat sijaj brez izsu\u0161evanja ko\u017ee.<br \/>\n\u0160ampon je\u00a0hipoalergen\u00a0in ne vsebuje sulfatov, parabenov, silikonov, umetnih barvil ali mineralnih olj, zato je popolnoma varen tudi za pse z ob\u010dutljivo ko\u017eo. Ne\u017eno, a u\u010dinkovito odstrani ne\u010disto\u010de in ma\u0161\u010dobo, hkrati pa ohranja naravno za\u0161\u010ditno plast ko\u017ee ter prepre\u010duje suhost in dra\u017eenje.<\/p>\n","protected":false},"featured_media":17136,"template":"","meta":[],"product_brand":[98],"product_cat":[410,591],"product_tag":[],"class_list":{"0":"post-23972","1":"product","2":"type-product","3":"status-publish","4":"has-post-thumbnail","6":"product_brand-hyponic","7":"product_cat-cosmetics","8":"product_cat-shampoos","10":"first","11":"instock","12":"taxable","13":"shipping-taxable","14":"purchasable","15":"product-type-simple"},"_links":{"self":[{"href":"https:\/\/www.anja-petshop.si\/en\/wp-json\/wp\/v2\/product\/23972","targetHints":{"allow":["GET"]}}],"collection":[{"href":"https:\/\/www.anja-petshop.si\/en\/wp-json\/wp\/v2\/product"}],"about":[{"href":"https:\/\/www.anja-petshop.si\/en\/wp-json\/wp\/v2\/types\/product"}],"wp:featuredmedia":[{"embeddable":true,"href":"https:\/\/www.anja-petshop.si\/en\/wp-json\/wp\/v2\/media\/17136"}],"wp:attachment":[{"href":"https:\/\/www.anja-petshop.si\/en\/wp-json\/wp\/v2\/media?parent=23972"}],"wp:term":[{"taxonomy":"product_brand","embeddable":true,"href":"https:\/\/www.anja-petshop.si\/en\/wp-json\/wp\/v2\/product_brand?post=23972"},{"taxonomy":"product_cat","embeddable":true,"href":"https:\/\/www.anja-petshop.si\/en\/wp-json\/wp\/v2\/product_cat?post=23972"},{"taxonomy":"product_tag","embeddable":true,"href":"https:\/\/www.anja-petshop.si\/en\/wp-json\/wp\/v2\/product_tag?post=23972"}],"curies":[{"name":"wp","href":"https:\/\/api.w.org\/{rel}","templated":true}]}}