{"id":23201,"date":"2025-05-12T13:26:33","date_gmt":"2025-05-12T13:26:33","guid":{"rendered":"https:\/\/www.anja-petshop.si\/?product=stain-away-naravni-odstranjevalec-madezev-60g"},"modified":"2025-08-15T15:27:09","modified_gmt":"2025-08-15T15:27:09","slug":"stain-away-naravni-odstranjevalec-madezev-60g","status":"publish","type":"product","link":"https:\/\/www.anja-petshop.si\/en\/product\/stain-away-naravni-odstranjevalec-madezev-60g\/","title":{"rendered":"Show Tech+ Stain Away 60 g"},"content":{"rendered":"<p>Looking to get rid of those reddish stains around your pet\u2019s eyes? No need to search anymore, because we have got the perfect solution for you! The Show Tech+ Stain Away is a clay-based powder that helps you remove unsightly tear stains around the eyes, beard and paws in both dogs and cats. Its ingredients are natural and non-irritating, which makes this powder gentle yet effective. Apply sufficiently on a daily basis to the discoloured areas, taking care to avoid getting the powder in the eyes. You can use the Show Tech+ Magic Powder Brush. Dip the brush in the powder. Leave the product in the coat, brush it out the next day and apply again. Make sure that that the eyes are dry and that there are no crusts in the eyes. If this is the case, first clean them with the help of the Show Tech No More Tear Stains and Show Tech Face and Ear Comb. With regular use of this powder, existing stains will gradually become whiter and new ones will be avoided. You will be amazed at the results! If the eyes problems seem severe, there may be an underlying medical cause. In that case, we advise you to consult a veterinarian.<\/p>\n","protected":false},"excerpt":{"rendered":"<p>Se \u017eelite znebiti rde\u010dkastih made\u017eev okoli o\u010di va\u0161ega ljubljen\u010dka? Ne i\u0161\u010dite ve\u010d! Show Tech+ Stain Away je popolna re\u0161itev za odstranjevanje neprivla\u010dnih made\u017eev okoli o\u010di, gob\u010dka in ta\u010dk psov in ma\u010dk. Gre za glineni puder naravnih sestavin, ki ne dra\u017ei ko\u017ee in je hkrati ne\u017een ter u\u010dinkovit.<br \/>\n\u2705 Naravna formula<br \/>\n\u2705 Primeren za pse in ma\u010dke<br \/>\n\u2705 Deluje na podro\u010dju okoli o\u010di, gob\u010dka in ta\u010dk<br \/>\n\u2705 Brez dra\u017eenja \u2013 varen za vsakodnevno uporabo<\/p>\n","protected":false},"featured_media":16356,"template":"","meta":[],"product_brand":[],"product_cat":[410,445,442,448],"product_tag":[],"class_list":{"0":"post-23201","1":"product","2":"type-product","3":"status-publish","4":"has-post-thumbnail","6":"product_cat-cosmetics","7":"product_cat-dog-shows","8":"product_cat-equipment","9":"product_cat-grooming-salons","11":"first","12":"instock","13":"taxable","14":"shipping-taxable","15":"purchasable","16":"product-type-simple"},"_links":{"self":[{"href":"https:\/\/www.anja-petshop.si\/en\/wp-json\/wp\/v2\/product\/23201","targetHints":{"allow":["GET"]}}],"collection":[{"href":"https:\/\/www.anja-petshop.si\/en\/wp-json\/wp\/v2\/product"}],"about":[{"href":"https:\/\/www.anja-petshop.si\/en\/wp-json\/wp\/v2\/types\/product"}],"wp:featuredmedia":[{"embeddable":true,"href":"https:\/\/www.anja-petshop.si\/en\/wp-json\/wp\/v2\/media\/16356"}],"wp:attachment":[{"href":"https:\/\/www.anja-petshop.si\/en\/wp-json\/wp\/v2\/media?parent=23201"}],"wp:term":[{"taxonomy":"product_brand","embeddable":true,"href":"https:\/\/www.anja-petshop.si\/en\/wp-json\/wp\/v2\/product_brand?post=23201"},{"taxonomy":"product_cat","embeddable":true,"href":"https:\/\/www.anja-petshop.si\/en\/wp-json\/wp\/v2\/product_cat?post=23201"},{"taxonomy":"product_tag","embeddable":true,"href":"https:\/\/www.anja-petshop.si\/en\/wp-json\/wp\/v2\/product_tag?post=23201"}],"curies":[{"name":"wp","href":"https:\/\/api.w.org\/{rel}","templated":true}]}}