{"id":22754,"date":"2025-04-14T17:23:12","date_gmt":"2025-04-14T17:23:12","guid":{"rendered":"https:\/\/www.anja-petshop.si\/?product=pw-oceane-zakrvljene-skarje-z-varnostno-konico-50-bt"},"modified":"2025-12-10T21:09:26","modified_gmt":"2025-12-10T21:09:26","slug":"pw-oceane-zakrvljene-skarje-z-varnostno-konico-50-bt","status":"publish","type":"product","link":"https:\/\/www.anja-petshop.si\/en\/product\/pw-oceane-zakrvljene-skarje-z-varnostno-konico-50-bt\/","title":{"rendered":"P&#038;W Oceane Titanium Safety Curved Scissors 5&#8243;"},"content":{"rendered":"<p><span style=\"color:#2e2323;font-family:Raleway, sans-serif;font-size:15px;background-color:#ffffff;\">Nick Kontos je ustanovitelj znamke P&amp;W (Power &amp; Working Scissors) \u0161karij, ki so izjemno cenjene v industriji negovanja in pasjega frizerstva. Njegovi izdelki so zasnovani z osredoto\u010denostjo na vzdr\u017eljivost, natan\u010dnost in ergonomsko udobje ter so prvotno namenjeni profesionalcem, ki potrebujejo vrhunsko orodje za doseganje brezhibnih rezultatov. Kot vodilni inovator v industriji Nick Kontos pri svojih izdelkih poudarja napredno izdelavo in uporabo kakovostnih materialov, ki ustrezajo profesionalni standardom. P&amp;W \u0161karje so pogosto predstavljene na razstavah, seminarjih in tekmovanjih v groomingu, kar potrjuje njihov sloves kot zaupanja vredne znamke za strokovnjake po vsem svetu.\u00a0<\/span><\/p>\n<p style=\"margin-top:0px;margin-bottom:0.8rem;color:#2e2323;font-family:Raleway, sans-serif;font-size:15px;background-color:#ffffff;\">OPOZORILO!<\/p>\n<p><span style=\"color:#2e2323;font-family:Raleway, sans-serif;font-size:15px;background-color:#ffffff;\"><\/span><\/p>\n<p style=\"margin-top:0px;margin-bottom:0.8rem;color:#2e2323;font-family:Raleway, sans-serif;font-size:15px;background-color:#ffffff;\">Barve obro\u010dkov se lahko razlikujejo od tistih na sliki, izbrane so naklju\u010dno.<\/p>\n","protected":false},"excerpt":{"rendered":"<p>Visokokakovostne ukrivljene \u0161karje za nego hi\u0161nih ljubljen\u010dkov blagovne znamke Power &#038; Working Scissors, model OCEANE, dol\u017eine 5,0 z varnostnimi konicami. Zasnovane so z ostrimi, delno izbo\u010denimi rezili in simetri\u010dnim ro\u010dajem za udobno uporabo. Zagotavljajo gladko stri\u017eenje in odli\u010den kon\u010dni rezultat. Primerne so za okroglo stri\u017eenje, na primer gob\u010dka, ta\u010dk ali repa, odli\u010dno se obnesejo za stri\u017eenje okoli predela o\u010di itd, ker imajo varnostno narejene konice, ki so okrogle in te\u017eje pride do po\u0161kodbe. Uporabljajo jih znani vzreditelji in pasji frizerji ter razstavljavci po vsem svetu, namenjene so tako profesionalcem, kot tudi za doma\u010do uporabo.\u00a0\u00a0Prilo\u017eene so v originalnem etuiju z logotipom blagovne znamke.<\/p>\n","protected":false},"featured_media":15912,"template":"","meta":[],"product_brand":[574],"product_cat":[436,427,418],"product_tag":[],"class_list":{"0":"post-22754","1":"product","2":"type-product","3":"status-publish","4":"has-post-thumbnail","6":"product_brand-power-working-scissors","7":"product_cat-curved","8":"product_cat-scissors","9":"product_cat-tools-for-grooming","10":"product_shipping_class-skare","12":"first","13":"outofstock","14":"taxable","15":"shipping-taxable","16":"purchasable","17":"product-type-simple"},"_links":{"self":[{"href":"https:\/\/www.anja-petshop.si\/en\/wp-json\/wp\/v2\/product\/22754","targetHints":{"allow":["GET"]}}],"collection":[{"href":"https:\/\/www.anja-petshop.si\/en\/wp-json\/wp\/v2\/product"}],"about":[{"href":"https:\/\/www.anja-petshop.si\/en\/wp-json\/wp\/v2\/types\/product"}],"wp:featuredmedia":[{"embeddable":true,"href":"https:\/\/www.anja-petshop.si\/en\/wp-json\/wp\/v2\/media\/15912"}],"wp:attachment":[{"href":"https:\/\/www.anja-petshop.si\/en\/wp-json\/wp\/v2\/media?parent=22754"}],"wp:term":[{"taxonomy":"product_brand","embeddable":true,"href":"https:\/\/www.anja-petshop.si\/en\/wp-json\/wp\/v2\/product_brand?post=22754"},{"taxonomy":"product_cat","embeddable":true,"href":"https:\/\/www.anja-petshop.si\/en\/wp-json\/wp\/v2\/product_cat?post=22754"},{"taxonomy":"product_tag","embeddable":true,"href":"https:\/\/www.anja-petshop.si\/en\/wp-json\/wp\/v2\/product_tag?post=22754"}],"curies":[{"name":"wp","href":"https:\/\/api.w.org\/{rel}","templated":true}]}}