{"id":22280,"date":"2025-02-04T20:00:53","date_gmt":"2025-02-04T20:00:53","guid":{"rendered":"https:\/\/www.anja-petshop.si\/?product=yento-ultimate-poodle-comb-25cm-glavnik"},"modified":"2026-01-02T11:10:28","modified_gmt":"2026-01-02T10:10:28","slug":"yento-ultimate-poodle-comb-25cm-glavnik","status":"publish","type":"product","link":"https:\/\/www.anja-petshop.si\/en\/product\/yento-ultimate-poodle-comb-25cm-glavnik\/","title":{"rendered":"Yento Ultimate Poodle Comb 25cm"},"content":{"rendered":"<h3 style=\"margin-top: 0px; margin-bottom: 0.5rem; font-family: Raleway, sans-serif; line-height: 1.2; color: #2e2323; font-size: 1.125rem; background-color: #ffffff;\">O podjetju\u00a0<span style=\"font-weight: bolder;\">Yento<\/span><\/h3>\n<p style=\"margin-top: 0px; margin-bottom: 0.8rem; color: #2e2323; font-family: Raleway, sans-serif; font-size: 15px; background-color: #ffffff;\"><span style=\"font-weight: bolder;\">Yento<\/span>\u00a0je priznana blagovna znamka na podro\u010dju opreme za nego hi\u0161nih ljubljen\u010dkov, ki \u017ee ve\u010d kot 25 let razvija inovativne in vrhunske izdelke. Podjetje se osredoto\u010da na zagotavljanje najvi\u0161je kakovosti orodij za nego, ki olaj\u0161ajo delo tako ljubiteljskim kot profesionalnim groomerjem.<\/p>\n<p style=\"margin-top: 0px; margin-bottom: 0.8rem; color: #2e2323; font-family: Raleway, sans-serif; font-size: 15px; background-color: #ffffff;\">Yento se pona\u0161a z dolgoletnimi izku\u0161njami v industriji, kar jim omogo\u010da, da svojim strankam ponudi samo najbolj\u0161e izdelke. Vse njihove krta\u010de, glavnike, \u0161karje in druge pripomo\u010dke odlikuje natan\u010dna izdelava, ergonomski dizajn in trajnost. Izdelki so zasnovani tako, da so prijazni do \u017eivali in enostavni za uporabo, s ciljem, da zagotavljajo prijetno izku\u0161njo za lastnike in njihove ljubljence.<\/p>\n<p style=\"margin-top: 0px; margin-bottom: 0.8rem; color: #2e2323; font-family: Raleway, sans-serif; font-size: 15px; background-color: #ffffff;\">Zaradi svoje zavezanosti kakovosti in stalnemu izbolj\u0161evanju so Yento izdelki izjemno priljubljeni pri profesionalcih v industriji pasjih frizerjev (groomerjev), ki se zana\u0161ajo na njihova orodja za dosego najbolj\u0161ih rezultatov.<\/p>\n","protected":false},"excerpt":{"rendered":"<p>This beautifully handmade comb, made in Japan with 30 mm brass teeth, really is the ultimate poodle comb! These combs are finally polished and chrome plated to perfection. The Yento Ultimate Poodle Comb is the comb the poodle people rave about!<\/p>\n","protected":false},"featured_media":15444,"template":"","meta":[],"product_brand":[563],"product_cat":[424,442,448,418],"product_tag":[],"class_list":{"0":"post-22280","1":"product","2":"type-product","3":"status-publish","4":"has-post-thumbnail","6":"product_brand-yento","7":"product_cat-combs","8":"product_cat-equipment","9":"product_cat-grooming-salons","10":"product_cat-tools-for-grooming","12":"first","13":"instock","14":"taxable","15":"shipping-taxable","16":"purchasable","17":"product-type-simple"},"_links":{"self":[{"href":"https:\/\/www.anja-petshop.si\/en\/wp-json\/wp\/v2\/product\/22280","targetHints":{"allow":["GET"]}}],"collection":[{"href":"https:\/\/www.anja-petshop.si\/en\/wp-json\/wp\/v2\/product"}],"about":[{"href":"https:\/\/www.anja-petshop.si\/en\/wp-json\/wp\/v2\/types\/product"}],"wp:featuredmedia":[{"embeddable":true,"href":"https:\/\/www.anja-petshop.si\/en\/wp-json\/wp\/v2\/media\/15444"}],"wp:attachment":[{"href":"https:\/\/www.anja-petshop.si\/en\/wp-json\/wp\/v2\/media?parent=22280"}],"wp:term":[{"taxonomy":"product_brand","embeddable":true,"href":"https:\/\/www.anja-petshop.si\/en\/wp-json\/wp\/v2\/product_brand?post=22280"},{"taxonomy":"product_cat","embeddable":true,"href":"https:\/\/www.anja-petshop.si\/en\/wp-json\/wp\/v2\/product_cat?post=22280"},{"taxonomy":"product_tag","embeddable":true,"href":"https:\/\/www.anja-petshop.si\/en\/wp-json\/wp\/v2\/product_tag?post=22280"}],"curies":[{"name":"wp","href":"https:\/\/api.w.org\/{rel}","templated":true}]}}