{"id":18933,"date":"2024-09-09T11:40:54","date_gmt":"2024-09-09T11:40:54","guid":{"rendered":"https:\/\/www.anja-petshop.si\/?product=chris-christensen-27mm-oval-pin-brush-original"},"modified":"2026-01-26T16:46:28","modified_gmt":"2026-01-26T15:46:28","slug":"chris-christensen-27mm-oval-pin-brush-original","status":"publish","type":"product","link":"https:\/\/www.anja-petshop.si\/en\/product\/chris-christensen-27mm-oval-pin-brush-original\/","title":{"rendered":"Chris Christensen 27mm Oval Pin Brush Original"},"content":{"rendered":"<h3>Zakaj izbrati Chris Christensen Original Series?<\/h3>\n<p>Chris Christensen je blagovna znamka, znana po vrhunskih izdelkih za nego psov. Original Series Pin Brushes so oblikovane z mislijo na udobje in u\u010dinkovitost, zato so odli\u010den pripomo\u010dek za profesionalno nego in doma\u010do uporabo. So priljubljena izbira pri negi raznolikih pasem, \u0161e posebej tistih z zahtevno dlako, kot so pudlji, \u0161navcerji, pomeranci, zlati prina\u0161alci, cotoni, afganistanski hrti&#8230;\u00a0<\/p>\n<h3>Prednosti<\/h3>\n<ul>\n<li><strong>Ne\u017ena nega<\/strong>: Zasnovane za ne\u017eno raz\u010desavanje vozlov in odstranjevanje odve\u010dne dlake brez vle\u010denja.<\/li>\n<li><strong>Antistati\u010dne lastnosti<\/strong>: Pomagajo zmanj\u0161ati naelektrenost dlake, kar olaj\u0161a oblikovanje.<\/li>\n<li><strong>Ergonomsko oblikovanje<\/strong>: Zagotavljajo udobje pri dolgotrajni uporabi.<\/li>\n<\/ul>\n<p><strong>Material<\/strong>:<\/p>\n<ul>\n<li>Kakovostna lesena dr\u017eala za udoben oprijem in trajnost<\/li>\n<li>Iglice so izdelane iz nerjave\u010dega jekla, kar jim daje odpornost proti koroziji in dolgo \u017eivljenjsko dobo<\/li>\n<li>Zati\u010di so gladki, dolgi in zaobljeni na koncih, kar zagotavlja, da med \u010desanjem ne po\u0161kodujejo ko\u017ee ali dlake<\/li>\n<\/ul>\n<p><strong>Nasvet strokovnjaka:<\/strong>\u00a0Hranite svoje krta\u010de v originalni embala\u017ei ali \u0161katli, ko jih ne uporabljate ali ko potujete. Tako boste za\u0161\u010ditili iglice ali \u0161\u010detine pred upogibanjem ali po\u0161kodbami.<\/p>\n<\/p>\n<p><strong>Chris Christensen Systems<\/strong> je priznano ameri\u0161ko podjetje, specializirano za proizvodnjo vrhunskih izdelkov za nego psov in drugih hi\u0161nih ljubljen\u010dkov. Podjetje je svojo zgodbo za\u010delo leta 1996, ko sta Chris in Lisa Christensen ustvarila prvi <em>Whitening Shampoo<\/em> (\u0161ampon za bele pse) na svetu, ki ni vseboval \u0161kodljivega modrega pigmenta. Ta inovacija je pomenila prelomnico v profesionalni negi psov, saj je omogo\u010dila ne\u017eno, a u\u010dinkovito nego dlake.<\/p>\n<h3>Glavne zna\u010dilnosti podjetja<\/h3>\n<ol>\n<li>\n<p><strong>Specializacija za nego dlake<\/strong>:<\/p>\n<ul>\n<li>Chris Christensen Systems se osredoto\u010da na razvoj izdelkov, ki so prilagojeni specifi\u010dnim potrebam razli\u010dnih pasem psov in ma\u010dk<\/li>\n<li>Njihovi izdelki so priljubljeni v razstavnem svetu in svetu vrhunskih pasjih frizerjev, saj omogo\u010dajo dosego vrhunskega videza<\/li>\n<\/ul>\n<\/li>\n<li>\n<p><strong>Inovacije in kakovost<\/strong>:<\/p>\n<ul>\n<li>Podjetje je sinonim za inovativne re\u0161itve na podro\u010dju kozmetike za hi\u0161ne ljubljen\u010dke<\/li>\n<li>Uporabljajo visokokakovostne sestavine in materiale, ki zagotavljajo dolgotrajno u\u010dinkovitost in ne\u017enost do ko\u017ee ter dlake<\/li>\n<\/ul>\n<\/li>\n<li>\n<p><strong>Filozofija podjetja<\/strong>:<\/p>\n<ul>\n<li>Poudarek je na trajnosti, u\u010dinkovitosti in predvsem ne\u017enosti izdelkov<\/li>\n<li>Namenjeni so tako profesionalnim stilistom kot ljubiteljem, ki \u017eelijo svojim ljubljen\u010dkom nuditi vrhunsko nego<\/li>\n<\/ul>\n<\/li>\n<li>\n<p><strong>Globalna prepoznavnost<\/strong>:<\/p>\n<ul>\n<li>Izdelki Chris Christensen so priznani in uporabljani po vsem svetu, \u0161e posebej v razstavnih krogih, med profesionalnimi pasjimi frizerji in vrhunskimi vzreditelji, kjer sta natan\u010dna in profesionalna nega klju\u010dnega pomena<\/li>\n<\/ul>\n<\/li>\n<\/ol>\n<h3>Zakaj je podjetje tako cenjeno?<\/h3>\n<p>Chris Christensen je postal sinonim za vrhunsko kakovost in inovativnost. Njihovi izdelki so zasnovani z mislijo na udobje \u017eivali in uporabnika, kar je \u0161e posebej pomembno za lastnike psov z zahtevno dlako. Poleg tega podjetje neprestano i\u0161\u010de nove re\u0161itve, da bi izbolj\u0161alo izku\u0161njo nege, hkrati pa ostaja zvesto visokim standardom kakovosti.<\/p>\n<p>\u010ceprav se je podjetje sprva osredoto\u010dilo na pasje razstave, so njihovi izdelki zdaj priljubljeni tudi pri obi\u010dajnih lastnikih hi\u0161nih ljubljen\u010dkov, ki \u017eelijo svojim ljubljen\u010dkom nuditi profesionalno nego doma.<\/p>\n","protected":false},"excerpt":{"rendered":"<p>The Chris Christensen Original Series Pin Brushes feature quality and durability, all in an affordable, premium pin brush! A brush like no other, the Chris Christensen pin brushes feature ground and polished tips on the pins for comfort. They glide through the coat easily.\u00a0<\/p>\n<p>Ground and polished tips are the smoothest available<br \/>\nHigh quality stainless steel pins<br \/>\nLight-weight solid beechwood body with an easy grip handle<br \/>\n8 1\/2&#8243; body length<br \/>\nMade in Germany<\/p>\n<p>Each pin brush includes 1 air vent hole in the cushion for flexibility.\u00a0Use for medium to long coats.<br \/>\nKeep your brushes in their original packaging or box when not in use or when traveling. This will protect the pins or bristles from being bent or damaged.\u00a0<\/p>\n","protected":false},"featured_media":24234,"template":"","meta":[],"product_brand":[566],"product_cat":[421,445,442,448],"product_tag":[],"class_list":{"0":"post-18933","1":"product","2":"type-product","3":"status-publish","4":"has-post-thumbnail","6":"product_brand-chris-christensen","7":"product_cat-brushes","8":"product_cat-dog-shows","9":"product_cat-equipment","10":"product_cat-grooming-salons","12":"first","13":"instock","14":"taxable","15":"shipping-taxable","16":"purchasable","17":"product-type-simple"},"_links":{"self":[{"href":"https:\/\/www.anja-petshop.si\/en\/wp-json\/wp\/v2\/product\/18933","targetHints":{"allow":["GET"]}}],"collection":[{"href":"https:\/\/www.anja-petshop.si\/en\/wp-json\/wp\/v2\/product"}],"about":[{"href":"https:\/\/www.anja-petshop.si\/en\/wp-json\/wp\/v2\/types\/product"}],"wp:featuredmedia":[{"embeddable":true,"href":"https:\/\/www.anja-petshop.si\/en\/wp-json\/wp\/v2\/media\/24234"}],"wp:attachment":[{"href":"https:\/\/www.anja-petshop.si\/en\/wp-json\/wp\/v2\/media?parent=18933"}],"wp:term":[{"taxonomy":"product_brand","embeddable":true,"href":"https:\/\/www.anja-petshop.si\/en\/wp-json\/wp\/v2\/product_brand?post=18933"},{"taxonomy":"product_cat","embeddable":true,"href":"https:\/\/www.anja-petshop.si\/en\/wp-json\/wp\/v2\/product_cat?post=18933"},{"taxonomy":"product_tag","embeddable":true,"href":"https:\/\/www.anja-petshop.si\/en\/wp-json\/wp\/v2\/product_tag?post=18933"}],"curies":[{"name":"wp","href":"https:\/\/api.w.org\/{rel}","templated":true}]}}