{"id":24610,"date":"2025-12-26T20:01:30","date_gmt":"2025-12-26T19:01:30","guid":{"rendered":"https:\/\/www.anja-petshop.si\/delivery\/"},"modified":"2026-01-16T15:09:04","modified_gmt":"2026-01-16T14:09:04","slug":"delivery","status":"publish","type":"page","link":"https:\/\/www.anja-petshop.si\/en\/delivery\/","title":{"rendered":"Delivery"},"content":{"rendered":"<div class=\"wpb-content-wrapper\"><p>[vc_row][vc_column][vc_column_text css=&#8221;&#8221; woodmart_inline=&#8221;no&#8221; text_larger=&#8221;no&#8221;]<\/p>\n<h1 class=\"elementor-heading-title elementor-size-default none\">DELIVERY<\/h1>\n<p>Podjetje Double A d.o.o. zagotavlja dostavo na dom s pomo\u010djo pogodbenih partnerjev.<\/p>\n<p><strong>SLOVENIA<\/strong><br \/>\nShipping within Slovenia is handled by GLS Slovenia. Znesek dostave za naro\u010dila do 60,00 EUR zna\u0161a 4,99 EUR, paketi nad 60,00 EUR pa imajo brezpla\u010dno dostavo. Vkolikor se pred po\u0161iljanjem izka\u017ee, da bo pri\u0161lo do dodatnih stro\u0161kov prevoza vas bo podjetje o tem predhodno obvestilo in ponudilo novo optimalno re\u0161itev.<\/p>\n<p><strong>INTERNATIONAL<\/strong><br \/>\nThe company also offers shipping for orders abroad. Shipping rates for individual countries are listed below. Vkolikor se pred po\u0161iljanjem izka\u017ee, da bo pri\u0161lo do dodatnih stro\u0161kov prevoza vas bo podjetje o tem predhodno obvestilo in ponudilo novo optimalno re\u0161itev.<\/p>\n<p>Czech Republic: 5,00 EUR<br \/>\nSlovakia: 5,00 EUR<br \/>\nPoland: 6,00 EUR<br \/>\nCroatia: 6,00 EUR<br \/>\nRomania: 6,00 EUR<br \/>\nGermany: 8,50 EUR<br \/>\nHungary: 8,50 EUR<br \/>\nLithuania: 8,50 EUR<br \/>\nSpain: 9,00 EUR<br \/>\nPortugal: 9,00 EUR<br \/>\nBulgaria: 10,00 EUR<br \/>\nGreece: 10,00 EUR<br \/>\nAustria: 10,00 EUR<br \/>\nItaly: 10,00 EUR<br \/>\nFrance: 11,00 EUR<br \/>\nLatvia: 11,00 EUR<br \/>\nEstonia: 11,00 EUR<br \/>\nBelgium: 13,00 EUR<br \/>\nNetherlands: 13,00 EUR<br \/>\nDenmark: 13,00 EUR<br \/>\nLuxembourg: 17,00 EUR<br \/>\nSweden: 17,00 EUR<br \/>\nIreland: 22,00 EUR[\/vc_column_text][\/vc_column][\/vc_row]<\/p>\n<\/div>","protected":false},"excerpt":{"rendered":"<p>[vc_row][vc_column][vc_column_text css=&#8221;&#8221; woodmart_inline=&#8221;no&#8221; text_larger=&#8221;no&#8221;] DELIVERY Podjetje Double A d.o.o. zagotavlja dostavo na dom s pomo\u010djo pogodbenih partnerjev. SLOVENIA Shipping within<\/p>\n","protected":false},"author":1,"featured_media":0,"parent":0,"menu_order":0,"comment_status":"closed","ping_status":"closed","template":"","meta":{"footnotes":""},"class_list":["post-24610","page","type-page","status-publish","hentry"],"_links":{"self":[{"href":"https:\/\/www.anja-petshop.si\/en\/wp-json\/wp\/v2\/pages\/24610","targetHints":{"allow":["GET"]}}],"collection":[{"href":"https:\/\/www.anja-petshop.si\/en\/wp-json\/wp\/v2\/pages"}],"about":[{"href":"https:\/\/www.anja-petshop.si\/en\/wp-json\/wp\/v2\/types\/page"}],"author":[{"embeddable":true,"href":"https:\/\/www.anja-petshop.si\/en\/wp-json\/wp\/v2\/users\/1"}],"replies":[{"embeddable":true,"href":"https:\/\/www.anja-petshop.si\/en\/wp-json\/wp\/v2\/comments?post=24610"}],"version-history":[{"count":6,"href":"https:\/\/www.anja-petshop.si\/en\/wp-json\/wp\/v2\/pages\/24610\/revisions"}],"predecessor-version":[{"id":24846,"href":"https:\/\/www.anja-petshop.si\/en\/wp-json\/wp\/v2\/pages\/24610\/revisions\/24846"}],"wp:attachment":[{"href":"https:\/\/www.anja-petshop.si\/en\/wp-json\/wp\/v2\/media?parent=24610"}],"curies":[{"name":"wp","href":"https:\/\/api.w.org\/{rel}","templated":true}]}}